{"id":910,"date":"2018-11-08T08:14:33","date_gmt":"2018-11-08T12:14:33","guid":{"rendered":"https:\/\/famed.ufms.br\/?page_id=910"},"modified":"2025-03-17T10:02:49","modified_gmt":"2025-03-17T14:02:49","slug":"comissao-setorial-de-avaliacao-csa-famed","status":"publish","type":"page","link":"https:\/\/famed.ufms.br\/en\/comissao-setorial-de-avaliacao-csa-famed\/","title":{"rendered":"Comiss\u00e3o Setorial de Avalia\u00e7\u00e3o (CSA) &#8211; FAMED"},"content":{"rendered":"<p>A CSA (<strong>Comiss\u00e3o Setorial de Avalia\u00e7\u00e3o<\/strong>) \u00e9 respons\u00e1vel pela elabora\u00e7\u00e3o dos relat\u00f3rios apontando as fragilidades e potencialidades, para o conhecimento dos gestores, colegiados dos cursos e demais inst\u00e2ncias para que indiquem de forma coletiva as \u00e1reas que devem ser implementadas garantindo assim um processo formativo e cont\u00ednuo da avalia\u00e7\u00e3o.<\/p>\n<div><\/div>\n<h3>Acesse:\u00a0<a href=\"https:\/\/siai.ufms.br\/\">https:\/\/siai.ufms.br<\/a><\/h3>\n<h3><\/h3>\n<h3><strong>O que \u00e9 a Autoavalia\u00e7\u00e3o Institucional?<\/strong><\/h3>\n<p>Trata-se de um processo global e cont\u00ednuo, envolvendo avalia\u00e7\u00e3o-planejamento-transforma\u00e7\u00e3o-replanejamento. \u201c\u00c9 se olhar no espelho com olhos cr\u00edticos e objetivos e ver refletidas as potencialidades e as imperfei\u00e7\u00f5es e a partir disso fazermos proposi\u00e7\u00f5es para solucionar o que n\u00e3o est\u00e1 adequado\u201d, explica Marize Terezinha Lopes Pereira Peres (professora da UFMS). Os resultados da autoavalia\u00e7\u00e3o s\u00e3o utilizados pela gest\u00e3o da Universidade, possibilitando o aperfei\u00e7oamento do seu desempenho em diversas frentes; e enviados em forma de relat\u00f3rio ao Instituto Nacional de Estudos e Pesquisas Educacionais An\u00edsio Teixeira (INEP), para fins de avalia\u00e7\u00e3o institucional junto ao Minist\u00e9rio da Educa\u00e7\u00e3o (MEC).<\/p>\n<h3><\/h3>\n<h3>Quem \u00e9 respons\u00e1vel pela Autoavalia\u00e7\u00e3o Institucional?<\/h3>\n<p>A condu\u00e7\u00e3o \u00e9 de responsabilidade da\u00a0<a href=\"https:\/\/seavi.ufms.br\/cpa\/\">Comiss\u00e3o Pr\u00f3pria de Avalia\u00e7\u00e3o<\/a>\u00a0(CPA) da UFMS, que \u00e9 composta por docentes, t\u00e9cnicos-administrativos, discentes da gradua\u00e7\u00e3o e da p\u00f3s-gradua\u00e7\u00e3o e por um representante da sociedade. Trabalhando junto \u00e0 CPA est\u00e3o tamb\u00e9m as Comiss\u00f5es Setoriais de Avalia\u00e7\u00e3o (CSA), existentes em cada Unidade de Administra\u00e7\u00e3o Setorial da UFMS; os coordenadores e colegiados de cursos; os n\u00facleos docentes estruturantes (NDE) e a Ouvidoria. Dando suporte ao processo est\u00e1 ainda a\u00a0<a href=\"https:\/\/seavi.ufms.br\/\">Secretaria Especial de Avalia\u00e7\u00e3o Institucional<\/a>\u00a0(SEAVI), criada no in\u00edcio da atual gest\u00e3o da UFMS com o intuito de coordenar e articular as diversas a\u00e7\u00f5es de avalia\u00e7\u00e3o desenvolvidas na Institui\u00e7\u00e3o.<\/p>\n<p>&nbsp;<\/p>\n<p><strong>COMPOSI\u00c7\u00c3O DA COMISS\u00c3O:<\/strong><\/p>\n<p><strong>Docentes:<\/strong><\/p>\n<ul>\n<li>Alexandra Maria Almeida Carvalho (Presidente);<\/li>\n<li>D\u00e9bora Marchetti Chaves Thomaz;<\/li>\n<li>Everton Falc\u00e3o de Oliveira;<\/li>\n<li>Liane Rosso Giuliano;<\/li>\n<li>Maria Elizabeth Ara\u00fajo Ajalla;<\/li>\n<li>Paulo de Tarso Guerreiro Muller;<\/li>\n<li>Adriana de Oliveira Fran\u00e7a;<\/li>\n<\/ul>\n<p><strong>T\u00e9cnico-administrativos:<\/strong><\/p>\n<ul>\n<li>Roberto Ornellas Assis Ferreira;<\/li>\n<li>Sandro dos Santos Trindade;<\/li>\n<li>Jacqueline Marques da Silva Gondim;<\/li>\n<\/ul>\n<p><strong>Discente:<\/strong><\/p>\n<ul>\n<li>M\u00f4nica Corr\u00eaa In\u00e1cio (Discente Gradua\u00e7\u00e3o);<\/li>\n<li>Rosimeire Benito Cortez de Silva (Discente P\u00f3s-Gradua\u00e7\u00e3o);<\/li>\n<li>Wellyngton Matheus de Souza Santiago (Discente P\u00f3s-Gradua\u00e7\u00e3o)<\/li>\n<\/ul>\n<p>&nbsp;<\/p>\n<p><a href=\"http:\/\/famed.ufms.br\/files\/2024\/02\/PORTARIA-FAMED-n-58-de-28-08-2023..pdf\" target=\"_blank\" rel=\"noopener\">PORTARIA (FAMED) n\u00ba 58, de 28-08-2023.<\/a><\/p>\n<p>&nbsp;<\/p>\n<p><strong>RELAT\u00d3RIOS:<\/strong><\/p>\n<p><a href=\"http:\/\/famed.ufms.br\/files\/2025\/03\/Relatorio-FAMED_-CSA-2024.pdf\">2024<\/a><\/p>\n<p><a href=\"http:\/\/famed.ufms.br\/files\/2024\/02\/Relatorio-FAMED_-CSA-2023.pdf\">2023<\/a><\/p>\n<p><a href=\"https:\/\/famed.ufms.br\/files\/2023\/06\/Relato%cc%81rio-Final_-CSA-2022_Final.pdf\">2022<\/a><\/p>\n<p><a href=\"http:\/\/famed.ufms.br\/files\/2022\/03\/FACULDADE-DE-MEDICINA.VERSAO-FINAL_FAMED.pdf\">2021<\/a><\/p>\n<p><a href=\"http:\/\/famed.ufms.br\/files\/2021\/03\/RELAT\u00d3RIO-CSAs-2020-FAMED-final.pdf\">2020<\/a><\/p>\n<p><a href=\"https:\/\/famed.ufms.br\/files\/2020\/05\/Relat\u00f3rio-CSA-2019.vers\u00e3o-final-1.pdf\">2019<\/a><\/p>\n<p><a href=\"https:\/\/famed.ufms.br\/files\/2019\/10\/RELAT\u00d3RIO-CSAs-FAMED-2018.docx\">2018<\/a><\/p>\n<p><a href=\"https:\/\/famed.ufms.br\/files\/2018\/11\/Relatorio_CSA_Famed-Final-2017.pdf\">2017<\/a><\/p>\n<p><a href=\"https:\/\/seavi.ufms.br\/files\/2017\/03\/FAMED_RelatorioSetorial_2016.pdf\">2016<\/a><\/p>\n<p><a href=\"https:\/\/seavi.ufms.br\/files\/2016\/05\/Relatorio_FAMED_2015.pdf\">2015<\/a><\/p>\n<p><a href=\"https:\/\/seavi.ufms.br\/files\/2015\/12\/RelatorioCPA_FAMED_2014.pdf\">2014<\/a><\/p>\n<p><a href=\"https:\/\/seavi.ufms.br\/files\/2015\/12\/Relatorio-CPA-FAMED-2013-2014.pdf\">2013<\/a><\/p>\n","protected":false},"excerpt":{"rendered":"<p>A CSA (Comiss\u00e3o Setorial de Avalia\u00e7\u00e3o) \u00e9 respons\u00e1vel pela elabora\u00e7\u00e3o dos relat\u00f3rios apontando as fragilidades e potencialidades, para o conhecimento dos gestores, colegiados dos cursos e demais inst\u00e2ncias para que indiquem de forma coletiva as \u00e1reas que devem ser implementadas garantindo assim um processo formativo e cont\u00ednuo da avalia\u00e7\u00e3o. Acesse:\u00a0https:\/\/siai.ufms.br O que \u00e9 a Autoavalia\u00e7\u00e3o [&hellip;]<\/p>\n","protected":false},"author":29200,"featured_media":0,"parent":0,"menu_order":0,"comment_status":"closed","ping_status":"closed","template":"","meta":{"footnotes":""},"coauthors":[],"class_list":["post-910","page","type-page","status-publish","hentry"],"_links":{"self":[{"href":"https:\/\/famed.ufms.br\/en\/wp-json\/wp\/v2\/pages\/910","targetHints":{"allow":["GET"]}}],"collection":[{"href":"https:\/\/famed.ufms.br\/en\/wp-json\/wp\/v2\/pages"}],"about":[{"href":"https:\/\/famed.ufms.br\/en\/wp-json\/wp\/v2\/types\/page"}],"author":[{"embeddable":true,"href":"https:\/\/famed.ufms.br\/en\/wp-json\/wp\/v2\/users\/29200"}],"replies":[{"embeddable":true,"href":"https:\/\/famed.ufms.br\/en\/wp-json\/wp\/v2\/comments?post=910"}],"version-history":[{"count":26,"href":"https:\/\/famed.ufms.br\/en\/wp-json\/wp\/v2\/pages\/910\/revisions"}],"predecessor-version":[{"id":3099,"href":"https:\/\/famed.ufms.br\/en\/wp-json\/wp\/v2\/pages\/910\/revisions\/3099"}],"wp:attachment":[{"href":"https:\/\/famed.ufms.br\/en\/wp-json\/wp\/v2\/media?parent=910"}],"wp:term":[{"taxonomy":"author","embeddable":true,"href":"https:\/\/famed.ufms.br\/en\/wp-json\/wp\/v2\/coauthors?post=910"}],"curies":[{"name":"wp","href":"https:\/\/api.w.org\/{rel}","templated":true}]}}