{"id":873,"date":"2018-10-26T10:20:03","date_gmt":"2018-10-26T14:20:03","guid":{"rendered":"https:\/\/famed.ufms.br\/?page_id=873"},"modified":"2025-02-14T09:04:51","modified_gmt":"2025-02-14T13:04:51","slug":"aos-alunos","status":"publish","type":"page","link":"https:\/\/famed.ufms.br\/en\/aos-alunos\/","title":{"rendered":"Aos Alunos"},"content":{"rendered":"<p><a href=\"https:\/\/passaporte.ufms.br\/#\/\"><strong>Criar Passaporte UFMS<\/strong><\/a><\/p>\n<p><strong><a href=\"https:\/\/proaes.ufms.br\/acesso-ao-ru\/\">Acesso ao Restaurante Universit\u00e1rio<\/a><\/strong><\/p>\n<p><strong><a href=\"https:\/\/prograd.ufms.br\/calendario-academico\/\">Calend\u00e1rio Acad\u00eamico<\/a><\/strong><\/p>\n<p><a href=\"https:\/\/estagio.ufms.br\/\"><b>Est\u00e1gios<\/b><\/a><\/p>\n<p><strong><a href=\"https:\/\/prograd.ufms.br\/requerimento-academico\/\">Requerimento Acad\u00eamico on line<\/a><\/strong><\/p>\n<p><strong><a href=\"https:\/\/www.ufms.br\/aluno\/bolsas-de-estudo\/\" target=\"_blank\" rel=\"noopener noreferrer\">Aux\u00edlios ao Estudande<\/a><\/strong><\/p>\n<p><strong><a href=\"https:\/\/www.ufms.br\/rede-wireless-passaporte-ufms\/\">Acesso ao Wi-fi<\/a><\/strong><\/p>\n<p><a href=\"https:\/\/www.ufms.br\/aluno\/transporte\/\"><strong>Linhas de \u00d4nibus\u00a0<\/strong><\/a><\/p>\n<p><strong><a href=\"https:\/\/www.ufms.br\/aluno\/passe-estudantil\/\">Passe Estudantil<\/a><\/strong><\/p>\n<p><strong><a href=\"https:\/\/siscad.ufms.br\/\">Siscad<\/a><\/strong><\/p>\n<p><a href=\"https:\/\/proaes.ufms.br\/identidade\/\"><b>Carteirinha do Estudante<\/b><\/a><\/p>\n<p><strong><a href=\"http:\/\/biblioteca.draconis.ufms.br\/\">Bibliot\u00e9ca<\/a><\/strong><\/p>\n<p><a href=\"https:\/\/sei.ufms.br\/sei\/controlador_externo.php?acao=usuario_externo_enviar_cadastro&amp;acao_origem=usuario_externo_avisar_cadastro&amp;id_orgao_acesso_externo=0\"><strong>Cadastro de Usu\u00e1rio Externo<\/strong><\/a><\/p>\n<p><a href=\"http:\/\/famed.ufms.br\/files\/2025\/02\/RESOLUCAO-COGRAD-n-830-de-01-03-2023.pdf\"><strong>Manual de Atividades Complementares &#8211; FAMED<\/strong><\/a><\/p>\n<p><strong><a href=\"http:\/\/famed.ufms.br\/files\/2024\/03\/Manual-do-Trabalho-de-Conclusao-de-Curso-Medicina-UFMS.pdf\">Manual do TCC<\/a><\/strong><\/p>\n<p><strong>Modelo de projeto de pesquisa &#8211; (<a href=\"http:\/\/famed.ufms.br\/files\/2024\/03\/MODELO_PROJETO_TCC_MEDICINA_UFMS.docx\">download aqui<\/a>)<\/strong><\/p>\n<p><strong>Modelo de carta de aceite &#8211; (<a href=\"http:\/\/famed.ufms.br\/files\/2024\/03\/CARTA-DE-ACEITE-DE-ORIENTACAO.docx\">download aqui<\/a>)<\/strong><\/p>\n<p>&nbsp;<\/p>\n<p>&nbsp;<\/p>\n","protected":false},"excerpt":{"rendered":"<p>Criar Passaporte UFMS Acesso ao Restaurante Universit\u00e1rio Calend\u00e1rio Acad\u00eamico Est\u00e1gios Requerimento Acad\u00eamico on line Aux\u00edlios ao Estudande Acesso ao Wi-fi Linhas de \u00d4nibus\u00a0 Passe Estudantil Siscad Carteirinha do Estudante Bibliot\u00e9ca Cadastro de Usu\u00e1rio Externo Manual de Atividades Complementares &#8211; FAMED Manual do TCC Modelo de projeto de pesquisa &#8211; (download aqui) Modelo de carta de [&hellip;]<\/p>\n","protected":false},"author":29200,"featured_media":0,"parent":0,"menu_order":0,"comment_status":"closed","ping_status":"closed","template":"","meta":{"footnotes":""},"coauthors":[],"class_list":["post-873","page","type-page","status-publish","hentry"],"_links":{"self":[{"href":"https:\/\/famed.ufms.br\/en\/wp-json\/wp\/v2\/pages\/873","targetHints":{"allow":["GET"]}}],"collection":[{"href":"https:\/\/famed.ufms.br\/en\/wp-json\/wp\/v2\/pages"}],"about":[{"href":"https:\/\/famed.ufms.br\/en\/wp-json\/wp\/v2\/types\/page"}],"author":[{"embeddable":true,"href":"https:\/\/famed.ufms.br\/en\/wp-json\/wp\/v2\/users\/29200"}],"replies":[{"embeddable":true,"href":"https:\/\/famed.ufms.br\/en\/wp-json\/wp\/v2\/comments?post=873"}],"version-history":[{"count":12,"href":"https:\/\/famed.ufms.br\/en\/wp-json\/wp\/v2\/pages\/873\/revisions"}],"predecessor-version":[{"id":3058,"href":"https:\/\/famed.ufms.br\/en\/wp-json\/wp\/v2\/pages\/873\/revisions\/3058"}],"wp:attachment":[{"href":"https:\/\/famed.ufms.br\/en\/wp-json\/wp\/v2\/media?parent=873"}],"wp:term":[{"taxonomy":"author","embeddable":true,"href":"https:\/\/famed.ufms.br\/en\/wp-json\/wp\/v2\/coauthors?post=873"}],"curies":[{"name":"wp","href":"https:\/\/api.w.org\/{rel}","templated":true}]}}