{"id":869,"date":"2018-10-26T10:17:52","date_gmt":"2018-10-26T14:17:52","guid":{"rendered":"https:\/\/famed.ufms.br\/?page_id=869"},"modified":"2025-06-12T07:57:17","modified_gmt":"2025-06-12T11:57:17","slug":"aos-professores","status":"publish","type":"page","link":"https:\/\/famed.ufms.br\/en\/aos-professores\/","title":{"rendered":"Aos Professores"},"content":{"rendered":"<p><strong><a href=\"http:\/\/famed.ufms.br\/files\/2023\/06\/Como-marcar-ferias.pdf\" target=\"_blank\" rel=\"noopener\">Tutorial &#8211; Como marcar f\u00e9rias<\/a><\/strong><\/p>\n<p><a href=\"http:\/\/famed.ufms.br\/files\/2023\/06\/Passo-a-Passo-Agendar-salas.pdf\" target=\"_blank\" rel=\"noopener\"><strong>Tutorial &#8211; Como agendar salas<\/strong><\/a><\/p>\n<p><strong><a href=\"https:\/\/progep.ufms.br\/solicitacao-de-carteira-funcional\/\">Solicita\u00e7\u00e3o de Carteira Funcional<\/a><\/strong><\/p>\n<p><strong><a href=\"https:\/\/progep.ufms.br\/requerimento-online\/\">Requerimento \u00danico on line<\/a><\/strong><\/p>\n<p><strong><a href=\"https:\/\/bse.ufms.br\/bse\/\">Boletim de Servi\u00e7o Eletr\u00f4nico \u2013 BSE<\/a><\/strong><\/p>\n<p><strong><a href=\"https:\/\/www.servidor.gov.br\/\">Sigepe<\/a><\/strong><\/p>\n<p><strong><a href=\"https:\/\/sistemas.ufms.br\/grh\/rmo\/\">Folha de Frequ\u00eancia<\/a><\/strong><\/p>\n<p><strong><a href=\"https:\/\/siadoc.ufms.br\/users\/login\">Siadoc<\/a><\/strong><\/p>\n<p><strong><a href=\"http:\/\/famed.ufms.br\/files\/2025\/06\/Professor-Voluntario-Orientacoes.pdf\" target=\"_blank\" rel=\"noopener\">Ingresso de Professor Volunt\u00e1rio &#8211; Orienta\u00e7\u00f5es<\/a><\/strong><\/p>\n<p><strong><a href=\"http:\/\/famed.ufms.br\/files\/2025\/06\/Requerimento-de-Solicitacao-para-atuacao-como-voluntario.docx\" target=\"_blank\" rel=\"noopener\">Ingresso de Professor Volunt\u00e1rio &#8211; Requerimento<\/a><\/strong><\/p>\n<p><strong><a href=\"https:\/\/famed.ufms.br\/files\/2018\/10\/Modelo-Tutotial-Abertura-de-processo-Plano-de-Redistribui\u00e7\u00e3o-das-Ativ.-Didat.-F\u00e9rias.pdf\" target=\"_blank\" rel=\"noopener\">Tutorial &#8211; Solicita\u00e7\u00e3o de F\u00e9rias em per\u00edodo acad\u00eamico, redistribui\u00e7\u00e3o de Atividades Did\u00e1ticas<\/a><\/strong><\/p>\n<p><strong><a href=\"https:\/\/comunidades.enap.gov.br\/mod\/page\/view.php?id=129\">Treinamento Sei (ENAP)<\/a><\/strong><\/p>\n<p><a href=\"https:\/\/seisip.ufms.br\/sip\/login.php?sigla_orgao_sistema=UFMS&amp;sigla_sistema=SEI&amp;infra_url=L3NlaS8=\"><strong>Sei<\/strong><\/a><\/p>\n<p><strong><a href=\"https:\/\/sistemas.ufms.br\/index.php?page=telefones\">Ramais UFMS<\/a><\/strong><\/p>\n<p><strong><a href=\"http:\/\/pas.ufms.br\/site\/\">Pas UFMS<\/a><\/strong><\/p>\n<p><strong><a href=\"https:\/\/fach.ufms.br\/files\/2017\/07\/LEI-N%C2%BA-12.772-PLANO-DE-CARREIRA-DO-MAGIST%C3%89RIO-SUPERIOR.pdf\">LEI N\u00ba 12.772 \u2013 PLANO DE CARREIRA DO MAGIST\u00c9RIO SUPERIOR<\/a><\/strong><\/p>\n<p><strong><a href=\"https:\/\/fach.ufms.br\/files\/2017\/07\/TABELA-DE-PROGRESS%C3%83O-DO-MAGIST%C3%89RIO-SUPERIOR.pdf\">TABELA DE PROGRESS\u00c3O DO MAGIST\u00c9RIO SUPERIOR (08\/2017)<\/a><\/strong><\/p>\n<p><strong><a href=\"https:\/\/fach.ufms.br\/files\/2017\/07\/TABELA-QUADRO-DE-FUN%C3%87%C3%95ES-DE-CONFIAN%C3%87A.pdf\">TABELA \u2013 QUADRO DE FUN\u00c7\u00d5ES DE CONFIAN\u00c7A (01\/2017)<\/a><\/strong><\/p>\n","protected":false},"excerpt":{"rendered":"<p>Tutorial &#8211; Como marcar f\u00e9rias Tutorial &#8211; Como agendar salas Solicita\u00e7\u00e3o de Carteira Funcional Requerimento \u00danico on line Boletim de Servi\u00e7o Eletr\u00f4nico \u2013 BSE Sigepe Folha de Frequ\u00eancia Siadoc Ingresso de Professor Volunt\u00e1rio &#8211; Orienta\u00e7\u00f5es Ingresso de Professor Volunt\u00e1rio &#8211; Requerimento Tutorial &#8211; Solicita\u00e7\u00e3o de F\u00e9rias em per\u00edodo acad\u00eamico, redistribui\u00e7\u00e3o de Atividades Did\u00e1ticas Treinamento Sei [&hellip;]<\/p>\n","protected":false},"author":29200,"featured_media":0,"parent":0,"menu_order":0,"comment_status":"closed","ping_status":"closed","template":"","meta":{"footnotes":""},"coauthors":[24],"class_list":["post-869","page","type-page","status-publish","hentry"],"_links":{"self":[{"href":"https:\/\/famed.ufms.br\/en\/wp-json\/wp\/v2\/pages\/869","targetHints":{"allow":["GET"]}}],"collection":[{"href":"https:\/\/famed.ufms.br\/en\/wp-json\/wp\/v2\/pages"}],"about":[{"href":"https:\/\/famed.ufms.br\/en\/wp-json\/wp\/v2\/types\/page"}],"author":[{"embeddable":true,"href":"https:\/\/famed.ufms.br\/en\/wp-json\/wp\/v2\/users\/29200"}],"replies":[{"embeddable":true,"href":"https:\/\/famed.ufms.br\/en\/wp-json\/wp\/v2\/comments?post=869"}],"version-history":[{"count":19,"href":"https:\/\/famed.ufms.br\/en\/wp-json\/wp\/v2\/pages\/869\/revisions"}],"predecessor-version":[{"id":3202,"href":"https:\/\/famed.ufms.br\/en\/wp-json\/wp\/v2\/pages\/869\/revisions\/3202"}],"wp:attachment":[{"href":"https:\/\/famed.ufms.br\/en\/wp-json\/wp\/v2\/media?parent=869"}],"wp:term":[{"taxonomy":"author","embeddable":true,"href":"https:\/\/famed.ufms.br\/en\/wp-json\/wp\/v2\/coauthors?post=869"}],"curies":[{"name":"wp","href":"https:\/\/api.w.org\/{rel}","templated":true}]}}