{"id":857,"date":"2018-10-25T10:15:50","date_gmt":"2018-10-25T14:15:50","guid":{"rendered":"https:\/\/famed.ufms.br\/?page_id=857"},"modified":"2018-10-25T10:15:50","modified_gmt":"2018-10-25T14:15:50","slug":"necessidade-social-do-curso","status":"publish","type":"page","link":"https:\/\/famed.ufms.br\/en\/necessidade-social-do-curso\/","title":{"rendered":"Necessidade Social do Curso"},"content":{"rendered":"<div>\n<h3 class=\"Texto_Justificado\">INDICADORES SOCIOECON\u00d4MICOS DA POPULA\u00c7\u00c3O DA MESORREGI\u00c3O<\/h3>\n<p class=\"Texto_Justificado_Recuo_Primeira_Linha\">Mato Grosso do Sul \u00e9 o 6\u00ba estado do pa\u00eds em extens\u00e3o territorial, possuindo 357.145,534 km2, correspondentes a 4,19% da \u00e1rea total do Brasil (8.515.767,049 km2) e a\u00a022,23% da \u00e1rea do Centro-Oeste, sendo formado por quatro mesorregi\u00f5es, que totalizam 79 munic\u00edpios. De acordo com as estimativas da popula\u00e7\u00e3o residente no Brasil e unidades da Federa\u00e7\u00e3o com data de refer\u00eancia em 1\u00ba de julho de 2016 (BRASIL, 2017), a popula\u00e7\u00e3o estimada de Mato Grosso do Sul era de 2.682.386 habitantes, conferindo ao estado a 21\u00aa popula\u00e7\u00e3o do Brasil.<\/p>\n<p class=\"Texto_Justificado_Recuo_Primeira_Linha\">A economia do Estado de Mato Grosso do Sul \u00e9 baseada no agroneg\u00f3cio, com alguns polos de extrativismo mineral (como em Corumb\u00e1) e sider\u00fargico e de produ\u00e7\u00e3o de celulose (como em Tr\u00eas Lagoas). Com baixa industrializa\u00e7\u00e3o, seus principais produtos de exporta\u00e7\u00e3o s\u00e3o gr\u00e3os (principalmente soja e milho), \u00e1lcool e gado de corte (carne e couro).<\/p>\n<p class=\"Texto_Justificado_Recuo_Primeira_Linha\">O estado possui sua popula\u00e7\u00e3o concentrada, principalmente nas cidades de Campo Grande (32,3 % da popula\u00e7\u00e3o), Dourados (8,25 %), Tr\u00eas Lagoas (4,3 %) e Corumb\u00e1 (4,1 %). A propor\u00e7\u00e3o da popula\u00e7\u00e3o residente n\u00e3o natural no estado \u00e9 de 30%.<\/p>\n<p class=\"Texto_Justificado_Recuo_Primeira_Linha\">Em Mato Grosso do Sul, a porcentagem de domic\u00edlios com televisores passou de 93,1% em 2005 para 96,5% em 2013. J\u00e1 a porcentagem de domic\u00edlios com telefonia m\u00f3vel passou de 74% em 2005 para 94,3% em 2013. No estado vizinho, Mato Grosso, essas varia\u00e7\u00f5es correspondem, respectivamente, a 84,9% e 93,5%, e 61,3% e 93,5%.<\/p>\n<p class=\"Texto_Justificado_Recuo_Primeira_Linha\">Campo Grande, a capital, fica situada na mesorregi\u00e3o Centro Norte, com popula\u00e7\u00e3o estimada para 2016 de 863.982 (oitocentos sessenta e tr\u00eas mil e novecentos e oitenta e dois) habitantes, ocupando uma \u00e1rea de 8.092.951 km2 (oito milh\u00f5es e noventa e dois mil e novecentos e cinquenta e um quil\u00f4metros quadrados), sua densidade demogr\u00e1fica \u00e9 de 97,22 hab\/km\u00b2, sendo um grande centro de servi\u00e7os do estado (BRASIL, 2017a).<\/p>\n<p class=\"Texto_Justificado_Recuo_Primeira_Linha\">Em 2014, o sal\u00e1rio m\u00e9dio mensal era de 3,4 sal\u00e1rios m\u00ednimos. A propor\u00e7\u00e3o de pessoas ocupadas em rela\u00e7\u00e3o \u00e0 popula\u00e7\u00e3o total era de 36,5%. Na compara\u00e7\u00e3o com os outros munic\u00edpios do estado, ocupava as posi\u00e7\u00f5es 3 de 79 e 3 de 79, respectivamente. J\u00e1 na compara\u00e7\u00e3o com munic\u00edpios do Brasil todo, ficava na posi\u00e7\u00e3o 122 de 5570 e 315 de 5570, respectivamente. Considerando domic\u00edlios com rendimentos mensais de at\u00e9 meio sal\u00e1rio m\u00ednimo por pessoa, possu\u00eda 30.3% da popula\u00e7\u00e3o nessas condi\u00e7\u00f5es, o que o colocava na posi\u00e7\u00e3o 73 de 79 dentre os munic\u00edpios do estado e na posi\u00e7\u00e3o 4617 de 5570 dentre os munic\u00edpios do Brasil (BRASIL, 2017a).<\/p>\n<p class=\"Texto_Justificado_Recuo_Primeira_Linha\">Quanto ao \u00cdndice de Desenvolvimento Humano (IDH), Campo Grande conta com um \u00edndice de 0,784, o melhor do estado, sendo o 170\u00ba munic\u00edpio do pa\u00eds, de acordo com dados de 2010 (BRASIl, 2017a).<\/p>\n<p class=\"Texto_Justificado_Recuo_Primeira_Linha\">Quanto \u00e0 educa\u00e7\u00e3o, em 2015, os alunos dos anos iniciais da rede p\u00fablica do munic\u00edpio tiveram nota m\u00e9dia de 5.4 no IDEB. Para os alunos dos anos finais, essa nota foi de\u00a04.8. Na compara\u00e7\u00e3o com munic\u00edpios do mesmo estado, a nota dos alunos dos anos iniciais colocava este munic\u00edpio na posi\u00e7\u00e3o 19 de 79. Considerando a nota dos alunos dos anos finais, a posi\u00e7\u00e3o passava a 9 de 79. A taxa de escolariza\u00e7\u00e3o (para pessoas de 6 a 14 anos) foi de 98 em 2010. Isso posicionava o munic\u00edpio na posi\u00e7\u00e3o 23 de 79 dentre os munic\u00edpios do estado e na posi\u00e7\u00e3o 2065 de 5570 dentre os munic\u00edpios do Brasil(BRASIL, 2017a).<\/p>\n<p class=\"Texto_Justificado_Recuo_Primeira_Linha\">Quanto ao Ensino Superior, Mato Grosso do Sul possui 37 institui\u00e7\u00f5es, que representam 1,3% das matr\u00edculas em cursos presenciais, sendo que a mesorregi\u00e3o Centro Norte de Mato Grosso do Sul foi respons\u00e1vel por mais de 40 mil matr\u00edculas (55%). Em 2013, na rede privada houve uma pequena queda de 0,4% nas matr\u00edculas, atingindo a marca de 51,5 mil matr\u00edculas, contra 51,7 mil do ano anterior. Na rede p\u00fablica, os n\u00fameros ficaram praticamente est\u00e1veis, com crescimento de 1,6%, totalizando 28,3 mil matr\u00edculas em 2013 contra 27,8 mil do ano anterior.<\/p>\n<\/div>\n<div>\n<p class=\"Texto_Justificado_Recuo_Primeira_Linha\">O ensino superior privado em Mato Grosso do Sul obteve nos \u00faltimos 13 anos um crescimento de 83% em rela\u00e7\u00e3o ao n\u00famero de matr\u00edculas. J\u00e1 o setor p\u00fablico apresentou um aumento de 99%.<\/p>\n<p class=\"Texto_Justificado_Recuo_Primeira_Linha\">Das quatro mesorregi\u00f5es do estado apenas uma contabilizou, em 2013, mais de 40 mil matr\u00edculas em cursos presenciais: a Centro Norte de Mato Grosso do Sul (43,9 mil), onde situa-se a cidade de Campo Grande.<\/p>\n<p class=\"Texto_Justificado_Recuo_Primeira_Linha\">Quanto \u00e0 economia, em 2014, Campo Grande possu\u00eda um PIB\u00a0<em>per capita\u00a0<\/em>de R$ 28349.62. Na compara\u00e7\u00e3o com os demais munic\u00edpios do estado, sua posi\u00e7\u00e3o era de 29 de 79. J\u00e1 na compara\u00e7\u00e3o com munic\u00edpios do brasileiros sua coloca\u00e7\u00e3o era de 886 de 5570. Em 2015, tinha 55.2% do seu or\u00e7amento proveniente de fontes externas. Em compara\u00e7\u00e3o aos outros munic\u00edpios do estado, estava na posi\u00e7\u00e3o 73 de 79 e, quando comparado a munic\u00edpios do\u00a0 Brasil todo, ficava em 4893 de 5570(BRASIL, 2017a).<\/p>\n<p class=\"Texto_Justificado_Recuo_Primeira_Linha\">Na \u00e1rea da Sa\u00fade, a taxa de mortalidade infantil m\u00e9dia no munic\u00edpio \u00e9 de 7.96 para 1.000 nascidos vivos. As interna\u00e7\u00f5es devido a diarreias s\u00e3o de 0.1 para cada 1.000 habitantes. Comparado com todos os munic\u00edpios do estado, fica nas posi\u00e7\u00f5es 58 de 79 e 73 de 79, respectivamente. Quando comparado a munic\u00edpios do Brasil todo, essas posi\u00e7\u00f5es s\u00e3o de 3687 de 5570 e 4734 de 5570, respectivamente (BRASIL, 2017a).<\/p>\n<p class=\"Texto_Justificado_Recuo_Primeira_Linha\">A Faculdade de Medicina do campus UFMS de Campo Grande est\u00e1 localizada na Mesorregi\u00e3o do Centro-Norte de Mato Grosso do Sul, que \u00e9 composta por\u00a0 duas microrregi\u00f5es: Microrregi\u00e3o do Alto Taquari (8 munic\u00edpios) e Microrregi\u00e3o de Campo Grande (8 munic\u00edpios).<\/p>\n<p class=\"Texto_Justificado_Recuo_Primeira_Linha\">Os munic\u00edpios de Alcin\u00f3polis, Camapu\u00e3, Coxim, Figueir\u00e3o, Pedro Gomes, Rio Verde de Mato Grosso, S\u00e3o Gabriel do Oeste e Sonora fazem parte da Microrregi\u00e3o do Alto Taquari. Os munic\u00edpios de Bandeirantes, Campo Grande, Corguinho, Jaraguari, Rio Negro, Rochedo, Sidrol\u00e2ndia e Terenos fazem parte da Microrregi\u00e3o de Campo Grande.<\/p>\n<p class=\"Texto_Justificado_Recuo_Primeira_Linha\">Anexo com as tabelas referentes aos Indicadores Socioecon\u00f4micos da Popula\u00e7\u00e3o da Mesorregi\u00e3o salvo em &#8220;Anexo e Ap\u00eandices&#8221;.<\/p>\n<p class=\"Texto_Justificado_Recuo_Primeira_Linha\">\n<h3 class=\"Texto_Justificado\">INDICADORES SOCIOAMBIENTAIS DA REGI\u00c3O<\/h3>\n<p class=\"Texto_Justificado_Recuo_Primeira_Linha\">A utiliza\u00e7\u00e3o de indicadores s\u00f3cio-ambientais \u00e9 muito importante no mundo atual, devido a possibilidade da promo\u00e7\u00e3o da consci\u00eancia das implica\u00e7\u00f5es que podem ocorrer no ambiente, afetando as atividades humanas.<\/p>\n<p class=\"Texto_Justificado_Recuo_Primeira_Linha\">Compreendem algumas dimens\u00f5es, a primeira relativa ao saneamento, neste sentido Campo Grande, por meio de um modelo que prev\u00ea o acesso aos servi\u00e7os essenciais, apresenta bons indicadores quanto ao esgotamento sanit\u00e1rio e \u00e1gua tratada. Segundo a Empresa Concession\u00e1ria \u00c1guas de Guariroba 73% da popula\u00e7\u00e3o tem este servi\u00e7o dispon\u00edvel, com uma proje\u00e7\u00e3o para 2025 de ser uma das primeiras capitais brasileiras a disponibilizar o servi\u00e7o para todos os moradores do munic\u00edpio. Ainda, neste tocante, 99% das resid\u00eancias t\u00eam \u00e1gua tratada, sendo que os \u00edndices de perda de \u00e1gua s\u00e3o refer\u00eancia no pa\u00eds (20%), em rela\u00e7\u00e3o a m\u00e9dia nacional que \u00e9 de 40%, dados que impactam os indicadores de sa\u00fade da capital.<\/p>\n<p class=\"Texto_Justificado_Recuo_Primeira_Linha\">Em rela\u00e7\u00e3o \u00e0 Coleta seletiva de res\u00edduo s\u00f3lido (papeis, pl\u00e1sticos, vidros e metais), a capital conta com duas modalidades praticadas: a primeira, porta a porta ou domiciliar e a outra de entrega volunt\u00e1ria (LEV). Na Coleta domiciliar, os ve\u00edculos coletores percorre a resid\u00eancias em hor\u00e1rios e dias espec\u00edficos, que n\u00e3o s\u00e3o coincidentes com a coleta convencional. Neste sistema, os moradores colocam para fora de suas resid\u00eancias os recicl\u00e1veis que est\u00e3o acondicionados em qualquer recipiente ou embalagem. Somente parte da capital tem este tipo de coleta, todavia existe um plano de expans\u00e3o em curso.<\/p>\n<p class=\"Texto_Justificado_Recuo_Primeira_Linha\">A coleta convencional, nas resid\u00eancias e comercio em geral, \u00e9 realizada por uma equipe treinada da concessionaria CG SOLURB Solu\u00e7\u00f5es Ambientais, para recolher e acondicionar os res\u00edduos transportados por caminh\u00f5es coletores. Existe um aterro sanit\u00e1rio, o Dom Ant\u00f4nio Barbosa II, de gest\u00e3o da pr\u00f3pria concessionaria. Toda \u00e1rea urbana do\u00a0 Mun\u00edcipio e Distrito de Campo Grande tem cobertura deste servi\u00e7o.<\/p>\n<p class=\"Texto_Justificado_Recuo_Primeira_Linha\">A capital do estado de Mato Groso do Sul tem popula\u00e7\u00e3o predominantemente urbana (98,66%), neste sentido tem experimentado o aumento no trafego de ve\u00edculos, com consequente emiss\u00e3o atmosf\u00e9rica que contribui para a qualidade do ar e a vida dos cidad\u00e3os. Os poluentes atmosf\u00e9ricos tem efeito direto no meio ambiente, afetando a qualidade de vida.<\/p>\n<\/div>\n<div>\n<p class=\"Texto_Justificado_Recuo_Primeira_Linha\">A frota veicular \u00e9 umas das principais fontes de poluente atmosf\u00e9rico devido a emiss\u00e3o de gases, Campo Grande tem estado em alerta, considerando ser uma das capitais com um dos maiores n\u00fameros de carro por habitante, de acordo com dados do IBGE (2017) Campo Grande hoje tem 281083 autom\u00f3veis para uma popula\u00e7\u00e3o de aproximadamente 800.000 habitantes.<\/p>\n<p class=\"Texto_Justificado_Recuo_Primeira_Linha\">O munic\u00edpio de Campo Grande det\u00e9m ainda o t\u00edtulo da capital mais arborizada do pa\u00eds, para cada 100 resid\u00eancias, 96 s\u00e3o arborizadas (IBGE,2012). A esp\u00e9cie t\u00edpica que singulariza a cidade, caracter\u00edstica do cerrado s\u00e3o os Ip\u00eas, paisagem comum nos parques, canteiros e terrenos. O Munic\u00edpio tem 183.000 hectares de cobertura vegetal remanescentes. Deste total, 61% est\u00e3o em parques, pra\u00e7as ou unidades de conserva\u00e7\u00e3o protegidas por lei.<\/p>\n<p class=\"Texto_Justificado_Recuo_Primeira_Linha\">Na \u00faltima d\u00e9cada a prefeitura municipal Campo Grande implementou os parques lineares do Anhandu\u00ed, do S\u00f3ter e do Buriti Lagoa, com o objetivo de ordenar o uso das margens dos c\u00f3rregos urbanos, antes ocupadas por favelas, que contribu\u00edam para o ac\u00famulo de lixo nas margens, acarretando problemas ambientais e de sa\u00fade p\u00fablica. As fam\u00edlias foram assentadas em conjuntos habitacionais com infraestrutura de moradia e as margens dos c\u00f3rregos foram revitalizadas com o objetivo de conserva\u00e7\u00e3o dos mananciais.<\/p>\n<p class=\"Texto_Justificado_Recuo_Primeira_Linha\">H\u00e1 diversos parques espalhados pela cidade (Horto Florestal, Parque das Na\u00e7\u00f5es Ind\u00edgenas, Orla, Airton Sena, entre outros) que oferecem a popula\u00e7\u00e3o v\u00e1rios equipamentos de lazer.<\/p>\n<p class=\"Texto_Justificado\">\n<h3 class=\"Texto_Justificado\">AN\u00c1LISE DA OFERTA DO CURSO NA REGI\u00c3O<\/h3>\n<p class=\"Texto_Justificado_Recuo_Primeira_Linha\">No Brasil, at\u00e9 setembro de 2017, havia 294 escolas m\u00e9dicas. Sendo 164 particulares, 78 federais, 34 estaduais, 16 municipais e 2 p\u00fablicas, nas quais 28 324 estudantes completam o curso por ano.<\/p>\n<p class=\"Texto_Justificado_Recuo_Primeira_Linha\">No estado de Mato Grosso do Sul, h\u00e1 5 escolas m\u00e9dicas com 388 vagas dispon\u00edveis para o primeiro ano de medicina, sendo 4 escolas p\u00fablicas e uma institui\u00e7\u00e3o privada.<\/p>\n<ol>\n<li>\n<p class=\"Texto_Justificado\">Curso de Medicina da Universidade Anhanguera-UNIDERP \u2013 120 vagas.<\/p>\n<\/li>\n<li>\n<p class=\"Texto_Justificado\">Curso de Medicina da Universidade Federal da Grande Dourados (UFGD) \u2013 80 vagas<\/p>\n<\/li>\n<li>\n<p class=\"Texto_Justificado\">Faculdade de Medicina da Universidade Federal do Mato Grosso do Sul (UFMS) &#8211; Campus de Campo Grande \u2013 80 vagas.<\/p>\n<\/li>\n<li>\n<p class=\"Texto_Justificado\">Faculdade de Medicina da Universidade Federal do Mato Grosso do Sul (UFMS) &#8211; Campus de Tr\u00eas Lagoas \u2013 60 vagas.<\/p>\n<\/li>\n<li>\n<p class=\"Texto_Justificado\">Universidade Estadual do Mato Grosso do Sul &#8211; Campus Campo Grande \u2013 48 vagas<\/p>\n<\/li>\n<\/ol>\n<p class=\"Texto_Justificado_Recuo_Primeira_Linha\">No interior do estado, o curso \u00e9 oferecido no munic\u00edpio de Dourados pela Universidade Federal da Grande Dourados &#8211; UFGD (80 vagas, com uma entrada anual de ver\u00e3o) e no munic\u00edpio de Tr\u00eas Lagoas em Campus CPTL-UFMS (60 vagas, com uma entrada anual, de inverno).<\/p>\n<p class=\"Texto_Justificado_Recuo_Primeira_Linha\">A UEMS e o CPTL-UFMS formar\u00e3o a sua primeira turma em 2020. O Campus de Campo Grande da UFMS ir\u00e1 formar em 2017 a sua quadrag\u00e9sima quinta turma.<\/p>\n<p class=\"Texto_Justificado_Recuo_Primeira_Linha\">Mato Grosso do Sul tem 2.713.147 habitantes, 30.761 a mais do que em 2016, segundo estimativa do IBGE (Instituto Brasileiro de Geografia e Estat\u00edstica), 2017.<\/p>\n<p class=\"Texto_Justificado_Recuo_Primeira_Linha\">Campo Grande ganhou 10.228 novos habitantes no per\u00edodo. Este ano, segundo o IBGE, s\u00e3o 874.210 moradores.<\/p>\n<p class=\"Texto_Justificado_Recuo_Primeira_Linha\">Considerando os dados do Censo Inep\/MEC que diz que em 2015 (ultimo realizado), 16.680.658 candidatos foram inscritos para vestibulares em cursos presenciais e a dist\u00e2ncia, mas apenas 8.531.655 vagas foram oferecidas. Desses 16 milh\u00f5es, 8.825.925 almejavam universidades p\u00fablicas, enquanto 7.854.733 focaram nas particulares e que somente 17,5% (2.920.222) concluem o sonho de entrar em uma faculdade. Ou seja, 13.760.436 n\u00e3o tiveram acesso \u00e0 educa\u00e7\u00e3o superior naquele ano. Evidenciamos a import\u00e2ncia de uma Institui\u00e7\u00e3o de Ensino Federal para uma regi\u00e3o, e portanto a relev\u00e2ncia dos cursos por ela oferecido.<\/p>\n<\/div>\n<p class=\"Texto_Justificado_Recuo_Primeira_Linha\">Com a institui\u00e7\u00e3o do Programa Mais M\u00e9dico, o Governo Federal almeja se aproximar da oferta de vagas na propor\u00e7\u00e3o que se aproxima da realidade de pa\u00edses como a Inglaterra, que \u00e9 o segundo maior sistema p\u00fablico e universal do mundo e tinha em 2011 uma rela\u00e7\u00e3o de 1,61 vagas\/10 mil habitantes, 0,95 vagas\/10 mil habitantes em 2013 e para 1,34 vagas\/10 mil habitantes em 2017 (BERBEL,2017).<\/p>\n<p class=\"Texto_Justificado_Recuo_Primeira_Linha\">Considerando o n\u00famero de habitantes do Estado de Mato Grosso do Sul e do n\u00famero de vagas oferecidos pelas cinco IES p\u00fablicas que ofertam vagas, para Medicina no Estado, temos a propor\u00e7\u00e3o de aproximadamente 1,4 vagas\/10 mil habitantes. Se extrapolarmos os dados somente para as IES p\u00fablicas essa rela\u00e7\u00e3o cai para 0,95 vagas \/10 mil habitantes.<\/p>\n<p class=\"Texto_Justificado_Recuo_Primeira_Linha\">Considerando os dados expostos quanto a procura por universidades p\u00fablicas e a necessidade de aumento da oferta de vagas principalmente em universidades p\u00fablicas e o fato do curso de medicina da UFMS campus Campo Grande ter sido o precursor no Estado, salientamos a import\u00e2ncia deste curso para a regi\u00e3o Centro Oeste em especial para o Estado de Mato Grosso do Sul.<\/p>\n","protected":false},"excerpt":{"rendered":"<p>INDICADORES SOCIOECON\u00d4MICOS DA POPULA\u00c7\u00c3O DA MESORREGI\u00c3O Mato Grosso do Sul \u00e9 o 6\u00ba estado do pa\u00eds em extens\u00e3o territorial, possuindo 357.145,534 km2, correspondentes a 4,19% da \u00e1rea total do Brasil (8.515.767,049 km2) e a\u00a022,23% da \u00e1rea do Centro-Oeste, sendo formado por quatro mesorregi\u00f5es, que totalizam 79 munic\u00edpios. De acordo com as estimativas da popula\u00e7\u00e3o residente [&hellip;]<\/p>\n","protected":false},"author":29200,"featured_media":0,"parent":0,"menu_order":0,"comment_status":"closed","ping_status":"closed","template":"","meta":{"footnotes":""},"coauthors":[],"class_list":["post-857","page","type-page","status-publish","hentry"],"_links":{"self":[{"href":"https:\/\/famed.ufms.br\/en\/wp-json\/wp\/v2\/pages\/857","targetHints":{"allow":["GET"]}}],"collection":[{"href":"https:\/\/famed.ufms.br\/en\/wp-json\/wp\/v2\/pages"}],"about":[{"href":"https:\/\/famed.ufms.br\/en\/wp-json\/wp\/v2\/types\/page"}],"author":[{"embeddable":true,"href":"https:\/\/famed.ufms.br\/en\/wp-json\/wp\/v2\/users\/29200"}],"replies":[{"embeddable":true,"href":"https:\/\/famed.ufms.br\/en\/wp-json\/wp\/v2\/comments?post=857"}],"version-history":[{"count":1,"href":"https:\/\/famed.ufms.br\/en\/wp-json\/wp\/v2\/pages\/857\/revisions"}],"predecessor-version":[{"id":858,"href":"https:\/\/famed.ufms.br\/en\/wp-json\/wp\/v2\/pages\/857\/revisions\/858"}],"wp:attachment":[{"href":"https:\/\/famed.ufms.br\/en\/wp-json\/wp\/v2\/media?parent=857"}],"wp:term":[{"taxonomy":"author","embeddable":true,"href":"https:\/\/famed.ufms.br\/en\/wp-json\/wp\/v2\/coauthors?post=857"}],"curies":[{"name":"wp","href":"https:\/\/api.w.org\/{rel}","templated":true}]}}