{"id":844,"date":"2018-10-25T09:42:02","date_gmt":"2018-10-25T13:42:02","guid":{"rendered":"https:\/\/famed.ufms.br\/?page_id=844"},"modified":"2018-12-06T07:32:23","modified_gmt":"2018-12-06T11:32:23","slug":"legislacao-e-normas","status":"publish","type":"page","link":"https:\/\/famed.ufms.br\/en\/legislacao-e-normas\/","title":{"rendered":"Legisla\u00e7\u00e3o e Normas"},"content":{"rendered":"<h3 class=\"big_title\"><a href=\"https:\/\/famed.ufms.br\/files\/2018\/10\/RESOLUCAO__COGRAD__n_550__de_20_11_2018.pdf\">Regulamento Geral dos Cursos de Gradua\u00e7\u00e3o da Funda\u00e7\u00e3o Universidade Federal de Mato Grosso do Sul<\/a><\/h3>\n<p class=\"big_title\"><a href=\"https:\/\/prograd.ufms.br\/legislacao\/\">Legisla\u00e7\u00e3o\u00a0&#8211; Prograd<\/a><\/p>\n<p class=\"big_title\"><a href=\"https:\/\/famed.ufms.br\/reconhecimento-do-curso\/\">Reconhecimento do curso<\/a><\/p>\n<p class=\"big_title\"><a href=\"https:\/\/famed.ufms.br\/da-criacao-do-curso-de-medicina\/\">Da cria\u00e7\u00e3o do curso de Medicina<\/a><\/p>\n<p class=\"big_title\"><a href=\"https:\/\/famed.ufms.br\/projeto-pedagogico-do-curso-de-medicina-ufms\/\">Projeto Pedag\u00f3gico do Curso de Medicina<\/a><\/p>\n<p><strong><a href=\"https:\/\/fach.ufms.br\/files\/2017\/07\/LEI-N%C2%BA-12.772-PLANO-DE-CARREIRA-DO-MAGIST%C3%89RIO-SUPERIOR.pdf\">LEI N\u00ba 12.772 \u2013 PLANO DE CARREIRA DO MAGIST\u00c9RIO SUPERIOR<\/a><\/strong><\/p>\n<p><strong><a href=\"https:\/\/fach.ufms.br\/files\/2017\/07\/TABELA-DE-PROGRESS%C3%83O-DO-MAGIST%C3%89RIO-SUPERIOR.pdf\">TABELA DE PROGRESS\u00c3O DO MAGIST\u00c9RIO SUPERIOR (08\/2017)<\/a><\/strong><\/p>\n<p><strong><a href=\"https:\/\/fach.ufms.br\/files\/2017\/07\/TABELA-QUADRO-DE-FUN%C3%87%C3%95ES-DE-CONFIAN%C3%87A.pdf\">TABELA \u2013 QUADRO DE FUN\u00c7\u00d5ES DE CONFIAN\u00c7A (01\/2017)<\/a><\/strong><\/p>\n<p><a href=\"https:\/\/famed.ufms.br\/files\/2018\/10\/ATIVIDADES-COMPLEMENTARES-MANUAL-2016.pdf\">Manual de Atividades complementares &#8211; FAMED<\/a><\/p>\n<p><a href=\"https:\/\/famed.ufms.br\/files\/2018\/10\/Normas-do-Laborat\u00f3rio-de-Inform\u00e1tica.docx\">Normas do Laborat\u00f3rio de Inform\u00e1tica<\/a><\/p>\n<p><a href=\"https:\/\/famed.ufms.br\/files\/2018\/10\/Normas-do-Laborat\u00f3rio-Morfofuncional.docx\">Normas do Laborat\u00f3rio Morfofuncional<\/a><\/p>\n<p><a href=\"https:\/\/famed.ufms.br\/files\/2018\/10\/Normas-do-Laborat\u00f3rio-Simula\u00e7\u00e3o.docx\">Normas do Laborat\u00f3rio Simula\u00e7\u00e3o<\/a><\/p>\n<p>&nbsp;<\/p>\n","protected":false},"excerpt":{"rendered":"<p>Regulamento Geral dos Cursos de Gradua\u00e7\u00e3o da Funda\u00e7\u00e3o Universidade Federal de Mato Grosso do Sul Legisla\u00e7\u00e3o\u00a0&#8211; Prograd Reconhecimento do curso Da cria\u00e7\u00e3o do curso de Medicina Projeto Pedag\u00f3gico do Curso de Medicina LEI N\u00ba 12.772 \u2013 PLANO DE CARREIRA DO MAGIST\u00c9RIO SUPERIOR TABELA DE PROGRESS\u00c3O DO MAGIST\u00c9RIO SUPERIOR (08\/2017) TABELA \u2013 QUADRO DE FUN\u00c7\u00d5ES DE [&hellip;]<\/p>\n","protected":false},"author":29200,"featured_media":0,"parent":0,"menu_order":0,"comment_status":"closed","ping_status":"closed","template":"","meta":{"footnotes":""},"coauthors":[],"class_list":["post-844","page","type-page","status-publish","hentry"],"_links":{"self":[{"href":"https:\/\/famed.ufms.br\/en\/wp-json\/wp\/v2\/pages\/844","targetHints":{"allow":["GET"]}}],"collection":[{"href":"https:\/\/famed.ufms.br\/en\/wp-json\/wp\/v2\/pages"}],"about":[{"href":"https:\/\/famed.ufms.br\/en\/wp-json\/wp\/v2\/types\/page"}],"author":[{"embeddable":true,"href":"https:\/\/famed.ufms.br\/en\/wp-json\/wp\/v2\/users\/29200"}],"replies":[{"embeddable":true,"href":"https:\/\/famed.ufms.br\/en\/wp-json\/wp\/v2\/comments?post=844"}],"version-history":[{"count":11,"href":"https:\/\/famed.ufms.br\/en\/wp-json\/wp\/v2\/pages\/844\/revisions"}],"predecessor-version":[{"id":1094,"href":"https:\/\/famed.ufms.br\/en\/wp-json\/wp\/v2\/pages\/844\/revisions\/1094"}],"wp:attachment":[{"href":"https:\/\/famed.ufms.br\/en\/wp-json\/wp\/v2\/media?parent=844"}],"wp:term":[{"taxonomy":"author","embeddable":true,"href":"https:\/\/famed.ufms.br\/en\/wp-json\/wp\/v2\/coauthors?post=844"}],"curies":[{"name":"wp","href":"https:\/\/api.w.org\/{rel}","templated":true}]}}