{"id":66,"date":"2017-04-17T09:36:01","date_gmt":"2017-04-17T13:36:01","guid":{"rendered":"http:\/\/famed.draconis.ufms.br\/?page_id=66"},"modified":"2022-09-08T10:07:19","modified_gmt":"2022-09-08T14:07:19","slug":"fichas-de-avaliacao","status":"publish","type":"page","link":"https:\/\/famed.ufms.br\/en\/fichas-de-avaliacao\/","title":{"rendered":"Fichas de avalia\u00e7\u00e3o"},"content":{"rendered":"<p>ORIENTA\u00c7\u00d5ES\/INFORMA\u00c7\u00d5ES REFERENTE \u00c0S ATIVIDADES PR\u00c1TICAS\/E EST\u00c1GIOS<\/p>\n<p><a href=\"http:\/\/famed.ufms.br\/files\/2022\/05\/Informacoes.-Orientacoes.pdf\">Informa\u00e7\u00f5es. Orienta\u00e7\u00f5es<\/a><\/p>\n<p>FICHAS DE AVALIA\u00c7\u00c3O\/FOLHAS DE FREQU\u00caNCIA<\/p>\n<p>&#8211; Ficha de avalia\u00e7\u00e3o Pr\u00e9-anest\u00e9sica<\/p>\n<p><a href=\"http:\/\/famed.ufms.br\/files\/2022\/05\/Avaliacao-Pre-anestesica.pdf\">Avalia\u00e7\u00e3o Pr\u00e9-anest\u00e9sica<\/a><\/p>\n<p>&#8211; Ficha de avalia\u00e7\u00e3o de Tutoria<\/p>\n<p><a href=\"http:\/\/famed.ufms.br\/files\/2022\/09\/Ficha-de-Avaliacao_Tutoria-1.pdf\">Ficha de Avalia\u00e7\u00e3o Tutoria<\/a><\/p>\n<p>&#8211; Ficha de avalia\u00e7\u00e3o do Aluno pelo preceptor<\/p>\n<p><a href=\"http:\/\/famed.ufms.br\/files\/2022\/05\/Ficha-de-avaliacao-do-Aluno-pelo-Preceptor.pdf\">Ficha de avalia\u00e7\u00e3o do Aluno pelo Preceptor<\/a><\/p>\n<p>&#8211; Folha de frequ\u00eancia de est\u00e1gio obrigat\u00f3rio<\/p>\n<p><a href=\"http:\/\/famed.ufms.br\/files\/2022\/05\/Folha-de-frequencia-de-estagio-Obrigatorio.pdf\">Folha de frequ\u00eancia de est\u00e1gio Obrigat\u00f3rio<\/a><\/p>\n<p>&#8211; Folha de frequ\u00eancia de est\u00e1gio<\/p>\n<p><a href=\"http:\/\/famed.ufms.br\/files\/2022\/05\/Folha-de-frequencia-Estagio.pdf\">Folha de frequ\u00eancia Est\u00e1gio<\/a><\/p>\n<p>&#8211; Planilha de atividades pr\u00e1ticas &#8211; Cl\u00ednica Integrada II M\u00f3dulo Anestesiologia<\/p>\n<p><a href=\"http:\/\/famed.ufms.br\/files\/2022\/05\/Planilha-de-atividades-praticas-Clinica-Int.-II-Modulo-ANESTESIOLOGIA.pdf\">Planilha de atividades pr\u00e1ticas Clinica Int. II M\u00f3dulo ANESTESIOLOGIA<\/a><\/p>\n","protected":false},"excerpt":{"rendered":"<p>ORIENTA\u00c7\u00d5ES\/INFORMA\u00c7\u00d5ES REFERENTE \u00c0S ATIVIDADES PR\u00c1TICAS\/E EST\u00c1GIOS Informa\u00e7\u00f5es. Orienta\u00e7\u00f5es FICHAS DE AVALIA\u00c7\u00c3O\/FOLHAS DE FREQU\u00caNCIA &#8211; Ficha de avalia\u00e7\u00e3o Pr\u00e9-anest\u00e9sica Avalia\u00e7\u00e3o Pr\u00e9-anest\u00e9sica &#8211; Ficha de avalia\u00e7\u00e3o de Tutoria Ficha de Avalia\u00e7\u00e3o Tutoria &#8211; Ficha de avalia\u00e7\u00e3o do Aluno pelo preceptor Ficha de avalia\u00e7\u00e3o do Aluno pelo Preceptor &#8211; Folha de frequ\u00eancia de est\u00e1gio obrigat\u00f3rio Folha de frequ\u00eancia [&hellip;]<\/p>\n","protected":false},"author":52,"featured_media":0,"parent":0,"menu_order":0,"comment_status":"closed","ping_status":"closed","template":"","meta":{"footnotes":""},"coauthors":[],"class_list":["post-66","page","type-page","status-publish","hentry"],"_links":{"self":[{"href":"https:\/\/famed.ufms.br\/en\/wp-json\/wp\/v2\/pages\/66","targetHints":{"allow":["GET"]}}],"collection":[{"href":"https:\/\/famed.ufms.br\/en\/wp-json\/wp\/v2\/pages"}],"about":[{"href":"https:\/\/famed.ufms.br\/en\/wp-json\/wp\/v2\/types\/page"}],"author":[{"embeddable":true,"href":"https:\/\/famed.ufms.br\/en\/wp-json\/wp\/v2\/users\/52"}],"replies":[{"embeddable":true,"href":"https:\/\/famed.ufms.br\/en\/wp-json\/wp\/v2\/comments?post=66"}],"version-history":[{"count":26,"href":"https:\/\/famed.ufms.br\/en\/wp-json\/wp\/v2\/pages\/66\/revisions"}],"predecessor-version":[{"id":2082,"href":"https:\/\/famed.ufms.br\/en\/wp-json\/wp\/v2\/pages\/66\/revisions\/2082"}],"wp:attachment":[{"href":"https:\/\/famed.ufms.br\/en\/wp-json\/wp\/v2\/media?parent=66"}],"wp:term":[{"taxonomy":"author","embeddable":true,"href":"https:\/\/famed.ufms.br\/en\/wp-json\/wp\/v2\/coauthors?post=66"}],"curies":[{"name":"wp","href":"https:\/\/api.w.org\/{rel}","templated":true}]}}