{"id":381,"date":"2017-06-29T15:27:38","date_gmt":"2017-06-29T19:27:38","guid":{"rendered":"https:\/\/famed.ufms.br\/?page_id=381"},"modified":"2018-12-04T17:47:27","modified_gmt":"2018-12-04T21:47:27","slug":"reconhecimento-do-curso","status":"publish","type":"page","link":"https:\/\/famed.ufms.br\/en\/reconhecimento-do-curso\/","title":{"rendered":"Reconhecimento do curso"},"content":{"rendered":"<h2>Em conformidade com o\u00a0<strong>artigo 32<\/strong>,\u00a0<strong>\u00a7\u00a7 1\u00ba<\/strong>\u00a0e\u00a0<strong>2\u00ba<\/strong>, da\u00a0<span style=\"color: #0000ff\"><strong><a style=\"color: #0000ff\" href=\"https:\/\/famed.ufms.br\/files\/2017\/06\/port_norm_040_2007_seres.pdf\" target=\"_blank\" rel=\"noopener noreferrer\">Portaria Normativa n\u00ba 40, de 12 de Dezembro de 2007(*)<\/a><\/strong><\/span>:<\/h2>\n<p>&nbsp;<\/p>\n<p><span style=\"color: #000000\">&#8220;<strong>Art. 32.<\/strong>\u00a0Ap\u00f3s a autoriza\u00e7\u00e3o do curso, a institui\u00e7\u00e3o compromete-se a observar, no m\u00ednimo, o padr\u00e3o de qualidade e as condi\u00e7\u00f5es em que se deu a autoriza\u00e7\u00e3o, as quais ser\u00e3o verificadas por ocasi\u00e3o do reconhecimento e das renova\u00e7\u00f5es de reconhecimento.<\/span><\/p>\n<p>&nbsp;<\/p>\n<p><span style=\"color: #000000\"><strong>\u00a71\u00ba.\u00a0<\/strong>A institui\u00e7\u00e3o dever\u00e1 afixar em local vis\u00edvel junto \u00e0 Secretaria de alunos, as condi\u00e7\u00f5es de oferta do curso, informando especificamente o seguinte:<\/span><\/p>\n<p>&nbsp;<\/p>\n<p><span style=\"color: #000000\"><strong>I &#8211;<\/strong>\u00a0<span style=\"color: #0000ff\"><a style=\"color: #0000ff\" href=\"https:\/\/prograd.ufms.br\/regulacao\/autorizacao-de-cursos\/\" target=\"_blank\" rel=\"noopener noreferrer\">Ato autorizativo expedido pelo MEC, com a data de publica\u00e7\u00e3o no Di\u00e1rio Oficial da Uni\u00e3o<\/a><\/span>;<\/span><\/p>\n<p><span style=\"color: #000000\"><strong>II &#8211;<\/strong>\u00a0<span style=\"color: #0000ff\"><a style=\"color: #0000ff\" href=\"https:\/\/www.ufms.br\/universidade\/reitoria\/\" target=\"_blank\" rel=\"noopener noreferrer\">Dirigentes da institui\u00e7\u00e3o<\/a><\/span> e <span style=\"color: #0000ff\"><a style=\"color: #0000ff\" href=\"https:\/\/famed.ufms.br\/organizacao-administracao\/coordenacoes\/coordenacao-administrativa\/\" target=\"_blank\" rel=\"noopener noreferrer\">coordenador de curso efetivamente em exerc\u00edcio<\/a><\/span>;<\/span><\/p>\n<p><span style=\"color: #000000\"><strong>III &#8211;<\/strong>\u00a0<span style=\"color: #0000ff\"><a style=\"color: #0000ff\" href=\"http:\/\/sien.ufms.br\/docentes?nome=&amp;titulacao_id=&amp;vinculo_id=&amp;regime_trabalho=&amp;centro_id=10\" target=\"_blank\" rel=\"noopener noreferrer\">Rela\u00e7\u00e3o dos professores que integram o corpo docente do curso<\/a><\/span>, com a respectiva forma\u00e7\u00e3o, titula\u00e7\u00e3o e regime de trabalho;<\/span><\/p>\n<p><span style=\"color: #000000\"><strong>IV &#8211; <\/strong><span style=\"color: #0000ff\"><a style=\"color: #0000ff\" href=\"https:\/\/famed.ufms.br\/files\/2017\/06\/RESOLUCAO-COEG-COC-RTR-n-556-de-27-11-2014.pdf\" target=\"_blank\" rel=\"noopener noreferrer\">Matriz curricular do curso<\/a><\/span>;<\/span><\/p>\n<p><span style=\"color: #000000\"><strong>V &#8211;<\/strong> <span style=\"color: #0000ff\"><a href=\"https:\/\/famed.ufms.br\/files\/2017\/06\/Indicadores-de-Qualidade-2016.docx\">Resultados obtidos nas \u00faltimas avalia\u00e7\u00f5es realizadas pelo MEC<\/a><span style=\"color: #000000\">, quando houver<\/span><\/span>;<\/span><\/p>\n<p><span style=\"color: #000000\"><strong>VI &#8211;<\/strong>\u00a0Valor corrente dos encargos financeiros a serem assumidos pelos alunos, incluindo mensalidades, taxas de matr\u00edcula e respectivos reajustes e todos os \u00f4nus incidentes sobre a atividade educacional.\u00a0<span style=\"color: #0000ff\"><strong>(N\u00e3o h\u00e1 encargos financeiros aos alunos)<\/strong><\/span>.<\/span><\/p>\n<p>&nbsp;<\/p>\n<p><span style=\"color: #000000\"><strong>\u00a72\u00ba.<\/strong>\u00a0A institui\u00e7\u00e3o manter\u00e1 em p\u00e1gina eletr\u00f4nica pr\u00f3pria, e tamb\u00e9m na biblioteca, para consulta dos alunos ou interessados, registro oficial devidamente atualizado das informa\u00e7\u00f5es referidas no \u00a7 1\u00ba, al\u00e9m dos seguintes elementos:<\/span><\/p>\n<p>&nbsp;<\/p>\n<p><span style=\"color: #000000\"><strong>I &#8211;<\/strong> <\/span><span style=\"color: #0000ff\"><a style=\"color: #0000ff\" href=\"https:\/\/famed.ufms.br\/projeto-pedagogico-do-curso-de-medicina-ufms\/\" target=\"_blank\" rel=\"noopener noreferrer\">Projeto Pedag\u00f3gico do Curso<\/a><\/span><span style=\"color: #000000\">\u00a0e <span style=\"color: #0000ff\"><a style=\"color: #0000ff\" href=\"https:\/\/famed.ufms.br\/files\/2017\/06\/RESOLUCAO-COEG-COC-RTR-n-556-de-27-11-2014.pdf\" target=\"_blank\" rel=\"noopener noreferrer\">componentes curriculares<\/a><\/span>, sua dura\u00e7\u00e3o, requisitos e crit\u00e9rios de avalia\u00e7\u00e3o.\u00a0<span style=\"color: #0000ff\"><strong>(Informa\u00e7\u00f5es dispon\u00edveis no Projeto Pedag\u00f3gico)<\/strong><\/span>;<\/span><\/p>\n<p><span style=\"color: #000000\"><strong>II &#8211;<\/strong>\u00a0conjunto de normas que regem a vida acad\u00eamica, inclu\u00eddos o <span style=\"color: #0000ff\"><a style=\"color: #0000ff\" href=\"https:\/\/famed.ufms.br\/files\/2017\/06\/35_2011-Estatuto-com-altera\u00e7\u00f5es.pdf\" target=\"_blank\" rel=\"noopener noreferrer\">Estatuto<\/a><\/span> ou <span style=\"color: #0000ff\"><a style=\"color: #0000ff\" href=\"https:\/\/famed.ufms.br\/files\/2017\/06\/78_2011-Regimento-com-altera\u00e7\u00f5es.pdf\" target=\"_blank\" rel=\"noopener noreferrer\">Regimento<\/a><\/span> que instru\u00edram os pedidos de ato autorizativo junto ao MEC;<\/span><\/p>\n<p><span style=\"color: #000000\"><strong>III &#8211;<\/strong> <span style=\"color: #0000ff\"><a style=\"color: #0000ff\" href=\"https:\/\/famed.ufms.br\/files\/2017\/06\/Informa\u00e7\u00f5es-da-Biblioteca-Central.pdf\" target=\"_blank\" rel=\"noopener noreferrer\">descri\u00e7\u00e3o da biblioteca quanto ao seu acervo de livros e peri\u00f3dicos<\/a><\/span>, relacionada \u00e0 \u00e1rea do curso, pol\u00edtica de atualiza\u00e7\u00e3o e informatiza\u00e7\u00e3o, \u00e1rea f\u00edsica dispon\u00edvel e formas de acesso e utiliza\u00e7\u00e3o. <span style=\"color: #0000ff\"><strong>(Informa\u00e7\u00f5es dispon\u00edveis em: &lt;<span style=\"color: #0000ff\"><a style=\"color: #0000ff\" href=\"http:\/\/biblioteca.draconis.ufms.br\/\" target=\"_blank\" rel=\"noopener noreferrer\">http:\/\/biblioteca.draconis.ufms.br\/<\/a><\/span>&gt;)<\/strong><\/span>;<\/span><\/p>\n<p><span style=\"color: #000000\"><strong>IV &#8211;<\/strong>\u00a0descri\u00e7\u00e3o da infraestrutura f\u00edsica destinada ao curso, incluindo laborat\u00f3rios, equipamentos instalados, infraestrutura de inform\u00e1tica e redes de informa\u00e7\u00e3o.<\/span><\/p>\n","protected":false},"excerpt":{"rendered":"<p>Em conformidade com o\u00a0artigo 32,\u00a0\u00a7\u00a7 1\u00ba\u00a0e\u00a02\u00ba, da\u00a0Portaria Normativa n\u00ba 40, de 12 de Dezembro de 2007(*): &nbsp; &#8220;Art. 32.\u00a0Ap\u00f3s a autoriza\u00e7\u00e3o do curso, a institui\u00e7\u00e3o compromete-se a observar, no m\u00ednimo, o padr\u00e3o de qualidade e as condi\u00e7\u00f5es em que se deu a autoriza\u00e7\u00e3o, as quais ser\u00e3o verificadas por ocasi\u00e3o do reconhecimento e das renova\u00e7\u00f5es de [&hellip;]<\/p>\n","protected":false},"author":2441,"featured_media":0,"parent":0,"menu_order":0,"comment_status":"closed","ping_status":"closed","template":"","meta":{"footnotes":""},"coauthors":[],"class_list":["post-381","page","type-page","status-publish","hentry"],"_links":{"self":[{"href":"https:\/\/famed.ufms.br\/en\/wp-json\/wp\/v2\/pages\/381","targetHints":{"allow":["GET"]}}],"collection":[{"href":"https:\/\/famed.ufms.br\/en\/wp-json\/wp\/v2\/pages"}],"about":[{"href":"https:\/\/famed.ufms.br\/en\/wp-json\/wp\/v2\/types\/page"}],"author":[{"embeddable":true,"href":"https:\/\/famed.ufms.br\/en\/wp-json\/wp\/v2\/users\/2441"}],"replies":[{"embeddable":true,"href":"https:\/\/famed.ufms.br\/en\/wp-json\/wp\/v2\/comments?post=381"}],"version-history":[{"count":28,"href":"https:\/\/famed.ufms.br\/en\/wp-json\/wp\/v2\/pages\/381\/revisions"}],"predecessor-version":[{"id":1051,"href":"https:\/\/famed.ufms.br\/en\/wp-json\/wp\/v2\/pages\/381\/revisions\/1051"}],"wp:attachment":[{"href":"https:\/\/famed.ufms.br\/en\/wp-json\/wp\/v2\/media?parent=381"}],"wp:term":[{"taxonomy":"author","embeddable":true,"href":"https:\/\/famed.ufms.br\/en\/wp-json\/wp\/v2\/coauthors?post=381"}],"curies":[{"name":"wp","href":"https:\/\/api.w.org\/{rel}","templated":true}]}}