{"id":336,"date":"2017-06-29T14:36:59","date_gmt":"2017-06-29T18:36:59","guid":{"rendered":"https:\/\/famed.ufms.br\/?page_id=336"},"modified":"2024-02-20T15:39:01","modified_gmt":"2024-02-20T19:39:01","slug":"coordenacao-de-gestao-academica-coac","status":"publish","type":"page","link":"https:\/\/famed.ufms.br\/en\/organizacao-administracao\/coordenacoes\/coordenacao-de-gestao-academica-coac\/","title":{"rendered":"Coordena\u00e7\u00e3o de Gest\u00e3o Acad\u00eamica (COAC\/FAMED)"},"content":{"rendered":"<p><span style=\"color: #000000\"><strong>COORDENADOR DE GEST\u00c3O ACAD\u00caMICA:<\/strong> <strong>Gisele Melo Sanches.<\/strong><\/span><\/p>\n<p>&nbsp;<\/p>\n<p><span style=\"color: #000000\"><strong>UNIDADE DE SUBORDINA\u00c7\u00c3O:\u00a0<\/strong><a style=\"color: #000000\" href=\"http:\/\/www.famed.ufms.br\/institucional\/direcao\/4\/\">Dire\u00e7\u00e3o\/FAMED<\/a><\/span><\/p>\n<p><a href=\"http:\/\/famed.ufms.br\/files\/2023\/05\/Resolucao-CD-no-325-de-08-11-21.pdf\">Resolu\u00e7\u00e3o (CD) n\u00ba 325 de 08-11-22<\/a><\/p>\n<p><span style=\"color: #000000\"><strong>CARACTERIZA\u00c7\u00c3O DA UNIDADE: <\/strong>\u00c9 a Unidade respons\u00e1vel pela coordena\u00e7\u00e3o das atividades de gest\u00e3o acad\u00eamica da<br \/>\nUnidade da Administra\u00e7\u00e3o Setorial &#8211; UAS.<\/span><\/p>\n<p><span style=\"color: #000000\"><strong>COMPET\u00caNCIAS:<\/strong><\/span><\/p>\n<p>\u2022 Assessorar e colaborar com a Dire\u00e7\u00e3o da UAS no planejamento das atividades de<br \/>\ngest\u00e3o acad\u00eamica e de assist\u00eancia estudantil da Unidade, tanto na gradua\u00e7\u00e3o<br \/>\nquanto na p\u00f3s-gradua\u00e7\u00e3o;<br \/>\n\u2022 Assistir \u00e0 Dire\u00e7\u00e3o da UAS no atendimento \u00e0s demandas acad\u00eamicas relacionadas<br \/>\n\u00e0s atividades de ensino, pesquisa, extens\u00e3o e inova\u00e7\u00e3o no \u00e2mbito da Unidade de<br \/>\nAdministra\u00e7\u00e3o Setorial, onde n\u00e3o houver a fun\u00e7\u00e3o de Secretaria de<br \/>\nAcompanhamento Acad\u00eamico &#8211; SEAAC;<br \/>\n\u2022 Coordenar o processo de organiza\u00e7\u00e3o, harmoniza\u00e7\u00e3o e integra\u00e7\u00e3o dos<br \/>\nprogramas das disciplinas dos cursos existentes na UAS;<br \/>\n\u2022 Coordenar as atividades de controle escolar e os processos relacionados \u00e0<br \/>\nmatr\u00edcula, desligamento, defesa, cola\u00e7\u00e3o de grau, emiss\u00e3o e registro de diploma,<br \/>\ne de forma espec\u00edfica, secretariar cerim\u00f4nias de cola\u00e7\u00e3o de grau, no \u00e2mbito da<br \/>\nUAS, onde n\u00e3o houver a fun\u00e7\u00e3o de Secretaria de Acompanhamento Acad\u00eamico<br \/>\n&#8211; SEAAC;<br \/>\n\u2022 Orientar os estudantes da unidade quanto \u00e0s normas e procedimentos da<br \/>\ninstitui\u00e7\u00e3o;<br \/>\n\u2022 Gerenciar os requerimentos acad\u00eamicos quanto ao recebimento, tramita\u00e7\u00e3o e<br \/>\ncumprimento de prazos fixados, bem como a emiss\u00e3o de documentos<br \/>\nrelacionados, onde n\u00e3o houver a fun\u00e7\u00e3o de Secretaria de Acompanhamento<br \/>\nAcad\u00eamico &#8211; SEAAC;<br \/>\n\u2022 Colaborar com a Dire\u00e7\u00e3o na elabora\u00e7\u00e3o do Plano de Capacita\u00e7\u00e3o de docentes,<br \/>\nobedecendo \u00e0s diretrizes e \u00e0s prioridades da pol\u00edtica de capacita\u00e7\u00e3o docente da<br \/>\nUFMS;<br \/>\n\u2022 Coordenar o processo, em conjunto com a dire\u00e7\u00e3o da UAS e com os<br \/>\nCoordenadores de Curso, de elabora\u00e7\u00e3o da proposta de lista de oferta das disciplinas lotadas na Unidade e posterior lan\u00e7amento nos sistemas de gest\u00e3o<br \/>\nacad\u00eamica correspondentes;<br \/>\n\u2022 Elaborar a proposta de distribui\u00e7\u00e3o de encargos docentes da UAS, em conjunto<br \/>\ncom a dire\u00e7\u00e3o da UAS e com os coordenadores de curso, correspondentes aos<br \/>\nlimites m\u00ednimos e m\u00e1ximos da m\u00e9dia anual em horas-aula de ensino de<br \/>\ngradua\u00e7\u00e3o e de p\u00f3s-gradua\u00e7\u00e3o stricto sensu para os servidores docentes lotados<br \/>\nnas UAS;<br \/>\n\u2022 Elaborar, com base na distribui\u00e7\u00e3o de encargos docentes, proposta de<br \/>\ncontrata\u00e7\u00e3o para atender as necessidades dos cursos, dando suporte ao<br \/>\nprocesso de sele\u00e7\u00e3o e contrata\u00e7\u00e3o, bem como acompanhar os contratos de<br \/>\ndocentes substitutos, visitantes ou volunt\u00e1rios da UAS;<br \/>\n\u2022 Elaborar o plano de uso do espa\u00e7o f\u00edsico, em conjunto com a Dire\u00e7\u00e3o da UAS,<br \/>\npara as atividades acad\u00eamicas e coordenar o processo de agendamento dos<br \/>\nespa\u00e7os, das a\u00e7\u00f5es relacionadas \u00e0s atividades de ensino, pesquisa, extens\u00e3o e<br \/>\ninova\u00e7\u00e3o no \u00e2mbito da UAS;<br \/>\n\u2022 Propor a cria\u00e7\u00e3o e\/ou auxiliar grupos de trabalho e comiss\u00f5es para<br \/>\ndesenvolvimento de atividades acad\u00eamicas no \u00e2mbito da UAS;<br \/>\n\u2022 Divulgar e orientar os docentes quanto \u00e0s diretrizes e \u00e0s normas relacionadas \u00e0<br \/>\n\u00e1rea acad\u00eamica;<br \/>\n\u2022 Coordenar as a\u00e7\u00f5es de orienta\u00e7\u00e3o e suporte na utiliza\u00e7\u00e3o dos sistemas<br \/>\nacad\u00eamicos em uso na UFMS;<br \/>\n\u2022 Divulgar as informa\u00e7\u00f5es referentes \u00e0 pesquisa, ao ensino e \u00e0 extens\u00e3o,<br \/>\ndesenvolvidas na UAS;<br \/>\n\u2022 Coordenar os trabalhos de secretaria, organiza\u00e7\u00e3o e demais processos de<br \/>\nsuporte \u00e0s Coordena\u00e7\u00f5es de Curso, Colegiados, N\u00facleos Docente Estruturantes<br \/>\ne demais comiss\u00f5es e programas existentes na UAS, relacionadas \u00e0s atividades<br \/>\nacad\u00eamicas;<br \/>\n\u2022 Acompanhar as avalia\u00e7\u00f5es regulares dos cursos de gradua\u00e7\u00e3o das UAS; em<br \/>\nconjunto com os Coordenadores de Curso e a Dire\u00e7\u00e3o da UAS;<br \/>\n\u2022 Apoiar e divulgar, em conjunto com os Coordenadores de Curso, as a\u00e7\u00f5es<br \/>\nrelacionadas ao desenvolvimento profissional, como identifica\u00e7\u00e3o e divulga\u00e7\u00e3o<br \/>\nde campos de est\u00e1gios e trainees, e a participa\u00e7\u00e3o dos estudantes em eventos<br \/>\nesportivos, art\u00edsticos, culturais e cient\u00edficos;<br \/>\n\u2022 Elaborar relat\u00f3rios gerenciais; e<br \/>\n\u2022 Desenvolver outras atividades dentro de sua \u00e1rea de atua\u00e7\u00e3o.<\/p>\n<p><span style=\"color: #000000\"><strong>CONTATO: \u00a0<\/strong>(67) 3345-7223 \/\u00a0<a style=\"color: #000000\" href=\"mailto:coac.famed@ufms.br\">coac.famed@ufms.br<\/a><\/span><\/p>\n<p><strong>Telefone:<\/strong> <span style=\"color: #000000\"><strong>\u00a0<\/strong>(67) 3345-7223<\/span><\/p>\n","protected":false},"excerpt":{"rendered":"<p>COORDENADOR DE GEST\u00c3O ACAD\u00caMICA: Gisele Melo Sanches. &nbsp; UNIDADE DE SUBORDINA\u00c7\u00c3O:\u00a0Dire\u00e7\u00e3o\/FAMED Resolu\u00e7\u00e3o (CD) n\u00ba 325 de 08-11-22 CARACTERIZA\u00c7\u00c3O DA UNIDADE: \u00c9 a Unidade respons\u00e1vel pela coordena\u00e7\u00e3o das atividades de gest\u00e3o acad\u00eamica da Unidade da Administra\u00e7\u00e3o Setorial &#8211; UAS. COMPET\u00caNCIAS: \u2022 Assessorar e colaborar com a Dire\u00e7\u00e3o da UAS no planejamento das atividades de gest\u00e3o acad\u00eamica [&hellip;]<\/p>\n","protected":false},"author":2441,"featured_media":0,"parent":292,"menu_order":0,"comment_status":"closed","ping_status":"closed","template":"","meta":{"footnotes":""},"coauthors":[],"class_list":["post-336","page","type-page","status-publish","hentry"],"_links":{"self":[{"href":"https:\/\/famed.ufms.br\/en\/wp-json\/wp\/v2\/pages\/336","targetHints":{"allow":["GET"]}}],"collection":[{"href":"https:\/\/famed.ufms.br\/en\/wp-json\/wp\/v2\/pages"}],"about":[{"href":"https:\/\/famed.ufms.br\/en\/wp-json\/wp\/v2\/types\/page"}],"author":[{"embeddable":true,"href":"https:\/\/famed.ufms.br\/en\/wp-json\/wp\/v2\/users\/2441"}],"replies":[{"embeddable":true,"href":"https:\/\/famed.ufms.br\/en\/wp-json\/wp\/v2\/comments?post=336"}],"version-history":[{"count":16,"href":"https:\/\/famed.ufms.br\/en\/wp-json\/wp\/v2\/pages\/336\/revisions"}],"predecessor-version":[{"id":2776,"href":"https:\/\/famed.ufms.br\/en\/wp-json\/wp\/v2\/pages\/336\/revisions\/2776"}],"up":[{"embeddable":true,"href":"https:\/\/famed.ufms.br\/en\/wp-json\/wp\/v2\/pages\/292"}],"wp:attachment":[{"href":"https:\/\/famed.ufms.br\/en\/wp-json\/wp\/v2\/media?parent=336"}],"wp:term":[{"taxonomy":"author","embeddable":true,"href":"https:\/\/famed.ufms.br\/en\/wp-json\/wp\/v2\/coauthors?post=336"}],"curies":[{"name":"wp","href":"https:\/\/api.w.org\/{rel}","templated":true}]}}