{"id":3263,"date":"2025-09-12T08:53:40","date_gmt":"2025-09-12T12:53:40","guid":{"rendered":"https:\/\/famed.ufms.br\/?page_id=3263"},"modified":"2026-03-19T11:09:03","modified_gmt":"2026-03-19T15:09:03","slug":"pdu","status":"publish","type":"page","link":"https:\/\/famed.ufms.br\/en\/pdu\/","title":{"rendered":"PDU"},"content":{"rendered":"PDU \u00e9 o Plano de Desenvolvimento da Unidade.<\/p>\n<p>O PDU Famed 2025-2030 j\u00e1 est\u00e1 dispon\u00edvel, <a href=\"https:\/\/drive.google.com\/file\/d\/1_E5GkXDkv21WQUfqLtqKW2CxmNr-oEYY\/view?usp=drive_link\">clique aqui<\/a>.","protected":false},"excerpt":{"rendered":"<p>PDU \u00e9 o Plano de Desenvolvimento da Unidade. O PDU Famed 2025-2030 j\u00e1 est\u00e1 dispon\u00edvel, clique aqui.<\/p>\n","protected":false},"author":530,"featured_media":0,"parent":0,"menu_order":0,"comment_status":"closed","ping_status":"closed","template":"","meta":{"footnotes":""},"coauthors":[25],"class_list":["post-3263","page","type-page","status-publish","hentry"],"_links":{"self":[{"href":"https:\/\/famed.ufms.br\/en\/wp-json\/wp\/v2\/pages\/3263","targetHints":{"allow":["GET"]}}],"collection":[{"href":"https:\/\/famed.ufms.br\/en\/wp-json\/wp\/v2\/pages"}],"about":[{"href":"https:\/\/famed.ufms.br\/en\/wp-json\/wp\/v2\/types\/page"}],"author":[{"embeddable":true,"href":"https:\/\/famed.ufms.br\/en\/wp-json\/wp\/v2\/users\/530"}],"replies":[{"embeddable":true,"href":"https:\/\/famed.ufms.br\/en\/wp-json\/wp\/v2\/comments?post=3263"}],"version-history":[{"count":2,"href":"https:\/\/famed.ufms.br\/en\/wp-json\/wp\/v2\/pages\/3263\/revisions"}],"predecessor-version":[{"id":3415,"href":"https:\/\/famed.ufms.br\/en\/wp-json\/wp\/v2\/pages\/3263\/revisions\/3415"}],"wp:attachment":[{"href":"https:\/\/famed.ufms.br\/en\/wp-json\/wp\/v2\/media?parent=3263"}],"wp:term":[{"taxonomy":"author","embeddable":true,"href":"https:\/\/famed.ufms.br\/en\/wp-json\/wp\/v2\/coauthors?post=3263"}],"curies":[{"name":"wp","href":"https:\/\/api.w.org\/{rel}","templated":true}]}}