{"id":3082,"date":"2025-02-20T15:18:23","date_gmt":"2025-02-20T19:18:23","guid":{"rendered":"https:\/\/famed.ufms.br\/?page_id=3082"},"modified":"2025-02-21T07:04:11","modified_gmt":"2025-02-21T11:04:11","slug":"disciplinas-de-livre-frequencia","status":"publish","type":"page","link":"https:\/\/famed.ufms.br\/en\/disciplinas-de-livre-frequencia\/","title":{"rendered":"Disciplinas de livre frequ\u00eancia"},"content":{"rendered":"<p>Somente disciplinas de car\u00e1ter te\u00f3rico podem ser livres de frequ\u00eancia. <\/p>\n<p>Veja quais s\u00e3o na <a href=\"http:\/\/famed.ufms.br\/files\/2025\/02\/RESOLUCAO-CGB_MED_FAMED-n-686-de-19-02-2025.pdf\">RESOLU\u00c7\u00c3O N\u00ba 686-CGB-MED\/FAMED\/UFMS, DE 19 DE FEVEREIRO DE 2025<\/a>.<\/p>\n","protected":false},"excerpt":{"rendered":"<p>Somente disciplinas de car\u00e1ter te\u00f3rico podem ser livres de frequ\u00eancia. Veja quais s\u00e3o na RESOLU\u00c7\u00c3O N\u00ba 686-CGB-MED\/FAMED\/UFMS, DE 19 DE FEVEREIRO DE 2025.<\/p>\n","protected":false},"author":530,"featured_media":0,"parent":0,"menu_order":0,"comment_status":"closed","ping_status":"closed","template":"","meta":{"footnotes":""},"coauthors":[],"class_list":["post-3082","page","type-page","status-publish","hentry"],"_links":{"self":[{"href":"https:\/\/famed.ufms.br\/en\/wp-json\/wp\/v2\/pages\/3082","targetHints":{"allow":["GET"]}}],"collection":[{"href":"https:\/\/famed.ufms.br\/en\/wp-json\/wp\/v2\/pages"}],"about":[{"href":"https:\/\/famed.ufms.br\/en\/wp-json\/wp\/v2\/types\/page"}],"author":[{"embeddable":true,"href":"https:\/\/famed.ufms.br\/en\/wp-json\/wp\/v2\/users\/530"}],"replies":[{"embeddable":true,"href":"https:\/\/famed.ufms.br\/en\/wp-json\/wp\/v2\/comments?post=3082"}],"version-history":[{"count":6,"href":"https:\/\/famed.ufms.br\/en\/wp-json\/wp\/v2\/pages\/3082\/revisions"}],"predecessor-version":[{"id":3095,"href":"https:\/\/famed.ufms.br\/en\/wp-json\/wp\/v2\/pages\/3082\/revisions\/3095"}],"wp:attachment":[{"href":"https:\/\/famed.ufms.br\/en\/wp-json\/wp\/v2\/media?parent=3082"}],"wp:term":[{"taxonomy":"author","embeddable":true,"href":"https:\/\/famed.ufms.br\/en\/wp-json\/wp\/v2\/coauthors?post=3082"}],"curies":[{"name":"wp","href":"https:\/\/api.w.org\/{rel}","templated":true}]}}