{"id":303,"date":"2017-06-28T13:42:06","date_gmt":"2017-06-28T17:42:06","guid":{"rendered":"https:\/\/famed.ufms.br\/?page_id=303"},"modified":"2026-01-15T08:36:11","modified_gmt":"2026-01-15T12:36:11","slug":"coordenacao-administrativa","status":"publish","type":"page","link":"https:\/\/famed.ufms.br\/en\/organizacao-administracao\/coordenacoes\/coordenacao-administrativa\/","title":{"rendered":"Coordena\u00e7\u00e3o do Curso"},"content":{"rendered":"<h3><span style=\"color: #000000\"><b>COORDENADOR DO CURSO DE MEDICINA:<\/b>\u00a0<strong>Prof. Augustin Malzac<\/strong><\/span><\/h3>\n<p><span style=\"color: #000000\"><strong>UNIDADE DE SUBORDINA\u00c7\u00c3O:\u00a0<\/strong><a style=\"color: #000000\" href=\"http:\/\/www.famed.ufms.br\/institucional\/direcao-famed\/4\/\">Dire\u00e7\u00e3o\/FAMED<\/a><\/span><\/p>\n<p><a href=\"http:\/\/famed.ufms.br\/files\/2023\/05\/Resolucao-COUN-no-149_Aprova-o-Regimento-Interno-dos-Colegiados-de-Curso-da-UFMS.pdf\">Resolu\u00e7\u00e3o (COUN) n\u00ba 149_Aprova o Regimento Interno dos Colegiados de Curso da UFMS<\/a><\/p>\n<p><span style=\"color: #000000\"><strong>COMPET\u00caNCIAS:<\/strong><\/span><\/p>\n<p><span style=\"color: #000000\">Compete ao Coordenador (a) de Curso:<\/span><\/p>\n<p>I &#8211; aprovar os Planos de Ensino das disciplinas da estrutura curricular do Curso;<br \/>\nII \u2013 garantir coer\u00eancia entre as atividades did\u00e1tico-pedag\u00f3gicas e as acad\u00eamicas<br \/>\ncom os objetivos e o perfil do profissional definidos no Projeto Pedag\u00f3gico do Curso;<br \/>\nIII \u2013 manifestar sobre as altera\u00e7\u00f5es do Projeto Pedag\u00f3gico do Curso;<br \/>\nIV \u2013 aprovar as solicita\u00e7\u00f5es de aproveitamento de estudos;<br \/>\nV \u2013 aprovar o Plano de Estudos dos estudantes;<br \/>\nVI \u2013 manifestar sobre a altera\u00e7\u00e3o, a suspens\u00e3o e a extin\u00e7\u00e3o do Curso;<br \/>\nVII \u2013 propor estrat\u00e9gias para atingir as metas do Plano de Desenvolvimento<br \/>\nInstitucional (PDI), integrado ao Projeto Pedag\u00f3gico Institucional (PPI), e do Plano de<br \/>\nDesenvolvimento da Unidade (PDU), em rela\u00e7\u00e3o aos indicadores de desempenho do curso;<br \/>\nVIII &#8211; fixar normas em mat\u00e9rias de sua compet\u00eancia; e<\/p>\n<p>IX \u2013 resolver, dentro de sua esfera de compet\u00eancia, os casos n\u00e3o previstos<br \/>\nneste artigo.<\/p>\n<p>Par\u00e1grafo \u00fanico. Compete aos Colegiados Especiais de Curso as mesmas<br \/>\natribui\u00e7\u00f5es descritas neste artigo.<\/p>\n<p>&nbsp;<\/p>\n<p><span style=\"color: #000000\"><strong>CONTATO:\u00a0<\/strong>(67) 3345-7692 \/ <a href=\"mailto:sap.famed@ufms.br\">sap.famed@ufms.br<\/a><\/span><\/p>\n","protected":false},"excerpt":{"rendered":"<p>COORDENADOR DO CURSO DE MEDICINA:\u00a0Prof. Augustin Malzac UNIDADE DE SUBORDINA\u00c7\u00c3O:\u00a0Dire\u00e7\u00e3o\/FAMED Resolu\u00e7\u00e3o (COUN) n\u00ba 149_Aprova o Regimento Interno dos Colegiados de Curso da UFMS COMPET\u00caNCIAS: Compete ao Coordenador (a) de Curso: I &#8211; aprovar os Planos de Ensino das disciplinas da estrutura curricular do Curso; II \u2013 garantir coer\u00eancia entre as atividades did\u00e1tico-pedag\u00f3gicas e as acad\u00eamicas [&hellip;]<\/p>\n","protected":false},"author":2441,"featured_media":0,"parent":292,"menu_order":0,"comment_status":"closed","ping_status":"closed","template":"","meta":{"footnotes":""},"coauthors":[26],"class_list":["post-303","page","type-page","status-publish","hentry"],"_links":{"self":[{"href":"https:\/\/famed.ufms.br\/en\/wp-json\/wp\/v2\/pages\/303","targetHints":{"allow":["GET"]}}],"collection":[{"href":"https:\/\/famed.ufms.br\/en\/wp-json\/wp\/v2\/pages"}],"about":[{"href":"https:\/\/famed.ufms.br\/en\/wp-json\/wp\/v2\/types\/page"}],"author":[{"embeddable":true,"href":"https:\/\/famed.ufms.br\/en\/wp-json\/wp\/v2\/users\/2441"}],"replies":[{"embeddable":true,"href":"https:\/\/famed.ufms.br\/en\/wp-json\/wp\/v2\/comments?post=303"}],"version-history":[{"count":15,"href":"https:\/\/famed.ufms.br\/en\/wp-json\/wp\/v2\/pages\/303\/revisions"}],"predecessor-version":[{"id":3316,"href":"https:\/\/famed.ufms.br\/en\/wp-json\/wp\/v2\/pages\/303\/revisions\/3316"}],"up":[{"embeddable":true,"href":"https:\/\/famed.ufms.br\/en\/wp-json\/wp\/v2\/pages\/292"}],"wp:attachment":[{"href":"https:\/\/famed.ufms.br\/en\/wp-json\/wp\/v2\/media?parent=303"}],"wp:term":[{"taxonomy":"author","embeddable":true,"href":"https:\/\/famed.ufms.br\/en\/wp-json\/wp\/v2\/coauthors?post=303"}],"curies":[{"name":"wp","href":"https:\/\/api.w.org\/{rel}","templated":true}]}}