{"id":290,"date":"2017-06-28T13:32:59","date_gmt":"2017-06-28T17:32:59","guid":{"rendered":"https:\/\/famed.ufms.br\/?page_id=290"},"modified":"2026-01-15T10:39:47","modified_gmt":"2026-01-15T14:39:47","slug":"direcao","status":"publish","type":"page","link":"https:\/\/famed.ufms.br\/en\/organizacao-administracao\/direcao\/","title":{"rendered":"Dire\u00e7\u00e3o"},"content":{"rendered":"<p><strong>Sobre o Diretor:<\/strong><\/p>\n<p>&nbsp;<\/p>\n<p>&nbsp;<\/p>\n<p>Augustin Malzac, possui gradua\u00e7\u00e3o em Medicina pela Faculdade de Medicina da Universidade Federal do Amazonas (1988), Mestrado em Ci\u00eancias (Ortopedia e Traumatologia) pela Faculdade de Medicina da Universidade de S\u00e3o Paulo (2002) e Doutorado em Sa\u00fade e Desenvolvimento na Regi\u00e3o Centro-Oeste pela Universidade Federal de Mato Grosso do Sul (2008). Professor Associado da Faculdade de Medicina da Universidade Federal do Mato Grosso do Sul. \u00c1rea de atua\u00e7\u00e3o em Medicina e Cirurgia da Coluna Vertebral. Pesquisa na \u00e1rea de Biomaterials, Les\u00e3o raquimedular e Deformidades da Coluna Vertebral na Crian\u00e7a e Adulto. Membro Em\u00e9rito da Noth America Spine Society e Sociedade Brasileira de Coluna Vertebral e Membro Titular da Sociedade Brasileira de Ortopedia e Traumatoligia.<\/p>\n<p>Mandato de Diretor da Faculdade de Medicina\/UFMS: pr\u00f3-tempore<\/p>\n<p>AGENDA DA DIRE\u00c7\u00c3O: <a href=\"https:\/\/famed.ufms.br\/agenda\/\">https:\/\/famed.ufms.br\/agenda\/<\/a><\/p>\n<p>ACESSO AO CURR\u00cdCULO LATTES: <u><\/u><u><a href=\"http:\/\/lattes.cnpq.br\/0952681570490657\">http:\/\/lattes.cnpq.br\/0952681570490657<\/a><\/u><\/p>\n<p><strong>Contato:<\/strong><\/p>\n<p>E-mail: <a href=\"mailto:gab.famed@ufms.br\">gab.famed@ufms.br<\/a><\/p>\n<p>Telefone: 3345-7355<\/p>\n<p><span style=\"color: #000000\"><strong>COMPET\u00caNCIAS:<\/strong><\/span><\/p>\n<p><a href=\"http:\/\/famed.ufms.br\/files\/2023\/05\/Resolucao-COUN-no-148_Aprova-o-Regimento-Interno-das-UAS.pdf\">Resolu\u00e7\u00e3o (COUN) n\u00ba 148_Aprova o Regimento Interno das UAS<\/a><\/p>\n<p>&nbsp;<\/p>\n<p>&nbsp;<\/p>\n","protected":false},"excerpt":{"rendered":"<p>Sobre o Diretor: &nbsp; &nbsp; Augustin Malzac, possui gradua\u00e7\u00e3o em Medicina pela Faculdade de Medicina da Universidade Federal do Amazonas (1988), Mestrado em Ci\u00eancias (Ortopedia e Traumatologia) pela Faculdade de Medicina da Universidade de S\u00e3o Paulo (2002) e Doutorado em Sa\u00fade e Desenvolvimento na Regi\u00e3o Centro-Oeste pela Universidade Federal de Mato Grosso do Sul (2008). [&hellip;]<\/p>\n","protected":false},"author":2441,"featured_media":0,"parent":175,"menu_order":0,"comment_status":"closed","ping_status":"closed","template":"","meta":{"footnotes":""},"coauthors":[26],"class_list":["post-290","page","type-page","status-publish","hentry"],"_links":{"self":[{"href":"https:\/\/famed.ufms.br\/en\/wp-json\/wp\/v2\/pages\/290","targetHints":{"allow":["GET"]}}],"collection":[{"href":"https:\/\/famed.ufms.br\/en\/wp-json\/wp\/v2\/pages"}],"about":[{"href":"https:\/\/famed.ufms.br\/en\/wp-json\/wp\/v2\/types\/page"}],"author":[{"embeddable":true,"href":"https:\/\/famed.ufms.br\/en\/wp-json\/wp\/v2\/users\/2441"}],"replies":[{"embeddable":true,"href":"https:\/\/famed.ufms.br\/en\/wp-json\/wp\/v2\/comments?post=290"}],"version-history":[{"count":15,"href":"https:\/\/famed.ufms.br\/en\/wp-json\/wp\/v2\/pages\/290\/revisions"}],"predecessor-version":[{"id":3318,"href":"https:\/\/famed.ufms.br\/en\/wp-json\/wp\/v2\/pages\/290\/revisions\/3318"}],"up":[{"embeddable":true,"href":"https:\/\/famed.ufms.br\/en\/wp-json\/wp\/v2\/pages\/175"}],"wp:attachment":[{"href":"https:\/\/famed.ufms.br\/en\/wp-json\/wp\/v2\/media?parent=290"}],"wp:term":[{"taxonomy":"author","embeddable":true,"href":"https:\/\/famed.ufms.br\/en\/wp-json\/wp\/v2\/coauthors?post=290"}],"curies":[{"name":"wp","href":"https:\/\/api.w.org\/{rel}","templated":true}]}}