{"id":2198,"date":"2023-05-22T09:28:07","date_gmt":"2023-05-22T13:28:07","guid":{"rendered":"https:\/\/famed.ufms.br\/?page_id=2198"},"modified":"2023-06-07T15:40:02","modified_gmt":"2023-06-07T19:40:02","slug":"projetos","status":"publish","type":"page","link":"https:\/\/famed.ufms.br\/en\/projetos\/","title":{"rendered":"Projetos"},"content":{"rendered":"<h2><strong>Projeto de Ensino:<\/strong><\/h2>\n<p>A Instru\u00e7\u00e3o Normativa n\u00ba 63, de 9 de janeiro de 2023, disp\u00f5es sobre os procedimentos de submiss\u00e3o, an\u00e1lise, vig\u00eancia e prorroga\u00e7\u00e3o de Projetos de Ensino de Gradua\u00e7\u00e3o.<\/p>\n<p><a href=\"https:\/\/boletimoficial.ufms.br\/bse\/publicacao?id=477474\"><strong>INSTRU\u00c7\u00c3O NORMATIVA N\u00ba 63-PROGRAD\/UFMS, DE 9 DE JANEIRO DE 2023<\/strong><\/a><\/p>\n<p class=\"media-heading\">Saiba mais em:<\/p>\n<p>Eventos Acad\u00eamicos de Gradua\u00e7\u00e3o<\/a><\/p><\/blockquote>\n<p><iframe class=\"wp-embedded-content\" sandbox=\"allow-scripts\" security=\"restricted\" style=\"position: absolute; visibility: hidden;\" title=\"&#8220;Eventos Acad\u00eamicos de Gradua\u00e7\u00e3o&#8221; &#8212; PROGRAD - UFMS\" src=\"https:\/\/prograd.ufms.br\/programas-e-projetos\/projeto-de-ensino-de-graduacao\/embed\/#?secret=xWPYHI7UlW#?secret=e3xXG7VVVB\" data-secret=\"e3xXG7VVVB\" width=\"500\" height=\"282\" frameborder=\"0\" marginwidth=\"0\" marginheight=\"0\" scrolling=\"no\"><\/iframe><\/p>\n<p>Mais informa\u00e7\u00f5es<\/p>\n<p><a href=\"https:\/\/prograd.ufms.br\/programas\/programa-ligas-academicas\/\" target=\"_blank\" rel=\"noopener noreferrer\">https:\/\/prograd.ufms.br\/programas\/programa-ligas-academicas\/<\/a><\/p>\n<p><a href=\"https:\/\/www.ufms.br\/acesso-a-informacao\/acoes-e-programas\/projetos-de-ensino\/\" target=\"_blank\" rel=\"noopener noreferrer\">https:\/\/www.ufms.br\/acesso-a-informacao\/acoes-e-programas\/projetos-de-ensino\/<\/a><\/p>\n<p>&nbsp;<\/p>\n<h2><strong>Projeto de Pesquisa:<\/strong><\/h2>\n<p>A Instru\u00e7\u00e3o Normativa n\u00ba 21, de 27 de dezembro de 2022, estabelece as normas e os procedimentos de submiss\u00e3o, an\u00e1lise, vig\u00eancia e prorroga\u00e7\u00e3o de projetos de pesquisa e inova\u00e7\u00e3o e de cadastro de projetos de disserta\u00e7\u00e3o e tese desenvolvidos no \u00e2mbito da Funda\u00e7\u00e3o Universidade Federal de Mato Grosso do Sul.<\/p>\n<p><a href=\"http:\/\/famed.ufms.br\/files\/2023\/05\/INSTRUCAO-NORMATIVA-PROPP-n-o21-de-27-12-2022.pdf\">INSTRUCAO-NORMATIVA-PROPP n \u00ba21 de 27-12-2022<\/a><\/p>\n<p>&nbsp;<\/p>\n<h2><strong>Projeto de Extens\u00e3o:<\/strong><\/h2>\n<p>A Instru\u00e7\u00e3o Normativa n\u00ba 9, de 09 de maio de 2023, estabelece os procedimentos de submiss\u00e3o, an\u00e1lise, vig\u00eancia e prorroga\u00e7\u00e3o de A\u00e7\u00f5es de Extens\u00e3o no \u00e2mbito da Funda\u00e7\u00e3o Universidade Federal de Mato Grosso do Sul.<\/p>\n<p><a href=\"http:\/\/famed.ufms.br\/files\/2023\/05\/Instrucao-Normativa-no-9-GAB-PROECE-UFMS-DE-09-05-2023.pdf\">Instru\u00e7\u00e3o Normativa n\u00ba 9 GAB-PROECE-UFMS DE 09-05-2023<\/a><\/p>\n","protected":false},"excerpt":{"rendered":"<p>Projeto de Ensino: A Instru\u00e7\u00e3o Normativa n\u00ba 63, de 9 de janeiro de 2023, disp\u00f5es sobre os procedimentos de submiss\u00e3o, an\u00e1lise, vig\u00eancia e prorroga\u00e7\u00e3o de Projetos de Ensino de Gradua\u00e7\u00e3o. INSTRU\u00c7\u00c3O NORMATIVA N\u00ba 63-PROGRAD\/UFMS, DE 9 DE JANEIRO DE 2023 Saiba mais em: Eventos Acad\u00eamicos de Gradua\u00e7\u00e3o Mais informa\u00e7\u00f5es https:\/\/prograd.ufms.br\/programas\/programa-ligas-academicas\/ https:\/\/www.ufms.br\/acesso-a-informacao\/acoes-e-programas\/projetos-de-ensino\/ &nbsp; Projeto de Pesquisa: [&hellip;]<\/p>\n","protected":false},"author":383,"featured_media":0,"parent":0,"menu_order":0,"comment_status":"closed","ping_status":"closed","template":"","meta":{"footnotes":""},"coauthors":[],"class_list":["post-2198","page","type-page","status-publish","hentry"],"_links":{"self":[{"href":"https:\/\/famed.ufms.br\/en\/wp-json\/wp\/v2\/pages\/2198","targetHints":{"allow":["GET"]}}],"collection":[{"href":"https:\/\/famed.ufms.br\/en\/wp-json\/wp\/v2\/pages"}],"about":[{"href":"https:\/\/famed.ufms.br\/en\/wp-json\/wp\/v2\/types\/page"}],"author":[{"embeddable":true,"href":"https:\/\/famed.ufms.br\/en\/wp-json\/wp\/v2\/users\/383"}],"replies":[{"embeddable":true,"href":"https:\/\/famed.ufms.br\/en\/wp-json\/wp\/v2\/comments?post=2198"}],"version-history":[{"count":9,"href":"https:\/\/famed.ufms.br\/en\/wp-json\/wp\/v2\/pages\/2198\/revisions"}],"predecessor-version":[{"id":2579,"href":"https:\/\/famed.ufms.br\/en\/wp-json\/wp\/v2\/pages\/2198\/revisions\/2579"}],"wp:attachment":[{"href":"https:\/\/famed.ufms.br\/en\/wp-json\/wp\/v2\/media?parent=2198"}],"wp:term":[{"taxonomy":"author","embeddable":true,"href":"https:\/\/famed.ufms.br\/en\/wp-json\/wp\/v2\/coauthors?post=2198"}],"curies":[{"name":"wp","href":"https:\/\/api.w.org\/{rel}","templated":true}]}}