{"id":188,"date":"2017-05-17T16:14:26","date_gmt":"2017-05-17T20:14:26","guid":{"rendered":"https:\/\/famed.ufms.br\/?page_id=188"},"modified":"2023-05-22T09:08:34","modified_gmt":"2023-05-22T13:08:34","slug":"extensao-2","status":"publish","type":"page","link":"https:\/\/famed.ufms.br\/en\/extensao-2\/","title":{"rendered":"Extens\u00e3o"},"content":{"rendered":"<p>Estabelece os procedimentos de submiss\u00e3o, an\u00e1lise, vig\u00eancia e prorroga\u00e7\u00e3o de A\u00e7\u00f5es de Extens\u00e3o no \u00e2mbito da Funda\u00e7\u00e3o Universidade Federal de Mato Grosso do Sul.<\/p>\n<p><a href=\"http:\/\/famed.ufms.br\/files\/2023\/05\/Instrucao-Normativa-no-9-GAB-PROECE-UFMS-DE-09-05-2023.pdf\">Instru\u00e7\u00e3o Normativa n\u00ba 9 GAB-PROECE-UFMS DE 09-05-2023<\/a><\/p>\n","protected":false},"excerpt":{"rendered":"<p>Estabelece os procedimentos de submiss\u00e3o, an\u00e1lise, vig\u00eancia e prorroga\u00e7\u00e3o de A\u00e7\u00f5es de Extens\u00e3o no \u00e2mbito da Funda\u00e7\u00e3o Universidade Federal de Mato Grosso do Sul. Instru\u00e7\u00e3o Normativa n\u00ba 9 GAB-PROECE-UFMS DE 09-05-2023<\/p>\n","protected":false},"author":2441,"featured_media":0,"parent":0,"menu_order":0,"comment_status":"closed","ping_status":"closed","template":"","meta":{"footnotes":""},"coauthors":[],"class_list":["post-188","page","type-page","status-publish","hentry"],"_links":{"self":[{"href":"https:\/\/famed.ufms.br\/en\/wp-json\/wp\/v2\/pages\/188","targetHints":{"allow":["GET"]}}],"collection":[{"href":"https:\/\/famed.ufms.br\/en\/wp-json\/wp\/v2\/pages"}],"about":[{"href":"https:\/\/famed.ufms.br\/en\/wp-json\/wp\/v2\/types\/page"}],"author":[{"embeddable":true,"href":"https:\/\/famed.ufms.br\/en\/wp-json\/wp\/v2\/users\/2441"}],"replies":[{"embeddable":true,"href":"https:\/\/famed.ufms.br\/en\/wp-json\/wp\/v2\/comments?post=188"}],"version-history":[{"count":9,"href":"https:\/\/famed.ufms.br\/en\/wp-json\/wp\/v2\/pages\/188\/revisions"}],"predecessor-version":[{"id":2197,"href":"https:\/\/famed.ufms.br\/en\/wp-json\/wp\/v2\/pages\/188\/revisions\/2197"}],"wp:attachment":[{"href":"https:\/\/famed.ufms.br\/en\/wp-json\/wp\/v2\/media?parent=188"}],"wp:term":[{"taxonomy":"author","embeddable":true,"href":"https:\/\/famed.ufms.br\/en\/wp-json\/wp\/v2\/coauthors?post=188"}],"curies":[{"name":"wp","href":"https:\/\/api.w.org\/{rel}","templated":true}]}}