{"id":1828,"date":"2021-08-06T13:42:25","date_gmt":"2021-08-06T17:42:25","guid":{"rendered":"https:\/\/famed.ufms.br\/?page_id=1828"},"modified":"2021-08-06T13:42:25","modified_gmt":"2021-08-06T17:42:25","slug":"csa-gotas-de-conhecimento","status":"publish","type":"page","link":"https:\/\/famed.ufms.br\/en\/csa-gotas-de-conhecimento\/","title":{"rendered":"CSA: Gotas de conhecimento"},"content":{"rendered":"<p>A <strong>Comiss\u00e3o Setorial de Avalia\u00e7\u00e3o da Faculdade de Medicina (CSA\/Famed)<\/strong> continua o processo de divulga\u00e7\u00e3o dos resultados do Relat\u00f3rio de Avalia\u00e7\u00e3o Institucional da Famed 2020, que j\u00e1 se encontra<a href=\"https:\/\/famed.ufms.br\/files\/2021\/03\/RELAT%c3%93RIO-CSAs-2020-FAMED-final.pdf\"> dispon\u00edvel na p\u00e1gina da Famed<\/a>.<\/p>\n<p>Neste sentido, a CSA apresenta a s\u00e9rie de v\u00eddeos \u00a8Gotas de Conhecimento\u00a8, em que explica o processo de avalia\u00e7\u00e3o institucional e destaca os pontos principais do Relat\u00f3rio. Os v\u00eddeos t\u00eam dura\u00e7\u00e3o de 3 a 5 minutos, para que as informa\u00e7\u00f5es possam ser mais facilmente veiculadas. Ser\u00e3o 10 v\u00eddeos ao todo.<\/p>\n<p>Confira os quatro primeiros epis\u00f3dios:<\/p>\n<p><iframe title=\"CSA Famed UFMS - Epis\u00f3dio 1- Vamos conhecer melhor a Avalia\u00e7\u00e3o Institucional?\" width=\"500\" height=\"281\" src=\"https:\/\/www.youtube.com\/embed\/QbJoxfPIR64?feature=oembed\" frameborder=\"0\" allow=\"accelerometer; autoplay; clipboard-write; encrypted-media; gyroscope; picture-in-picture; web-share\" referrerpolicy=\"strict-origin-when-cross-origin\" allowfullscreen><\/iframe><\/p>\n<p><iframe title=\"CSA Famed - Epis\u00f3dio 2 - Vamos falar da Avalia\u00e7\u00e3o 2020?\" width=\"500\" height=\"281\" src=\"https:\/\/www.youtube.com\/embed\/anbvDB1WgPY?feature=oembed\" frameborder=\"0\" allow=\"accelerometer; autoplay; clipboard-write; encrypted-media; gyroscope; picture-in-picture; web-share\" referrerpolicy=\"strict-origin-when-cross-origin\" allowfullscreen><\/iframe><\/p>\n<p><iframe title=\"CSA Famed - Epis\u00f3dio 3 -Vamos conhecer o Relat\u00f3rio da CSA?\" width=\"500\" height=\"281\" src=\"https:\/\/www.youtube.com\/embed\/h5byQi9sRnU?feature=oembed\" frameborder=\"0\" allow=\"accelerometer; autoplay; clipboard-write; encrypted-media; gyroscope; picture-in-picture; web-share\" referrerpolicy=\"strict-origin-when-cross-origin\" allowfullscreen><\/iframe><\/p>\n<p><iframe title=\"CSA Famed - Epis\u00f3dio 4 - Como meus alunos me avaliam?\" width=\"500\" height=\"281\" src=\"https:\/\/www.youtube.com\/embed\/2XOkh3RS_zI?feature=oembed\" frameborder=\"0\" allow=\"accelerometer; autoplay; clipboard-write; encrypted-media; gyroscope; picture-in-picture; web-share\" referrerpolicy=\"strict-origin-when-cross-origin\" allowfullscreen><\/iframe><\/p>\n","protected":false},"excerpt":{"rendered":"<p>A Comiss\u00e3o Setorial de Avalia\u00e7\u00e3o da Faculdade de Medicina (CSA\/Famed) continua o processo de divulga\u00e7\u00e3o dos resultados do Relat\u00f3rio de Avalia\u00e7\u00e3o Institucional da Famed 2020, que j\u00e1 se encontra dispon\u00edvel na p\u00e1gina da Famed. Neste sentido, a CSA apresenta a s\u00e9rie de v\u00eddeos \u00a8Gotas de Conhecimento\u00a8, em que explica o processo de avalia\u00e7\u00e3o institucional e [&hellip;]<\/p>\n","protected":false},"author":29200,"featured_media":0,"parent":0,"menu_order":0,"comment_status":"closed","ping_status":"closed","template":"","meta":{"footnotes":""},"coauthors":[],"class_list":["post-1828","page","type-page","status-publish","hentry"],"_links":{"self":[{"href":"https:\/\/famed.ufms.br\/en\/wp-json\/wp\/v2\/pages\/1828","targetHints":{"allow":["GET"]}}],"collection":[{"href":"https:\/\/famed.ufms.br\/en\/wp-json\/wp\/v2\/pages"}],"about":[{"href":"https:\/\/famed.ufms.br\/en\/wp-json\/wp\/v2\/types\/page"}],"author":[{"embeddable":true,"href":"https:\/\/famed.ufms.br\/en\/wp-json\/wp\/v2\/users\/29200"}],"replies":[{"embeddable":true,"href":"https:\/\/famed.ufms.br\/en\/wp-json\/wp\/v2\/comments?post=1828"}],"version-history":[{"count":1,"href":"https:\/\/famed.ufms.br\/en\/wp-json\/wp\/v2\/pages\/1828\/revisions"}],"predecessor-version":[{"id":1831,"href":"https:\/\/famed.ufms.br\/en\/wp-json\/wp\/v2\/pages\/1828\/revisions\/1831"}],"wp:attachment":[{"href":"https:\/\/famed.ufms.br\/en\/wp-json\/wp\/v2\/media?parent=1828"}],"wp:term":[{"taxonomy":"author","embeddable":true,"href":"https:\/\/famed.ufms.br\/en\/wp-json\/wp\/v2\/coauthors?post=1828"}],"curies":[{"name":"wp","href":"https:\/\/api.w.org\/{rel}","templated":true}]}}