{"id":174,"date":"2017-05-17T16:03:31","date_gmt":"2017-05-17T20:03:31","guid":{"rendered":"https:\/\/famed.ufms.br\/?page_id=174"},"modified":"2018-10-25T08:31:07","modified_gmt":"2018-10-25T12:31:07","slug":"historico","status":"publish","type":"page","link":"https:\/\/famed.ufms.br\/en\/historico\/","title":{"rendered":"Hist\u00f3rico"},"content":{"rendered":"<p>O curso de Medicina da Universidade Federal de Mato Grosso do Sul foi criado em 1966 e por meio da Lei 2.629, publicada no dia 26 de julho de 1966 que criava o ICB (Instituto de Ci\u00eancias Biol\u00f3gicas de Campo Grade) juntamente com os cursos de Farm\u00e1cia e Odontologia. Em mar\u00e7o de 1968 foi realizado o primeiro vestibular unificado com 32 vagas para o Curso de Medicina, 24 vagas para Farm\u00e1cia e 32 para Odontologia, mas co curso s\u00f3 foi reconhecido em 1970, quando o Presidente Emilio Garrastazu M\u00e9dici, e o Ministro da Educa\u00e7\u00e3o e Cultura Jarbas Passarinho assinaram o decreto n. 67.484 que autorizou o funcionamento da Universidade Estadual de Mato Grosso na Cidade de Campo Grande. Com a divis\u00e3o do Estado a UEMT foi federalizada pela Lei Federal 6.674, de 05\/07\/1969 passando a denominar-se Funda\u00e7\u00e3o Universidade Federal de Mato Grosso do Sul.<\/p>\n<div>\n<p class=\"Texto_Justificado_Recuo_Primeira_Linha\">A partir de 2005, foi institu\u00edda a Faculdade de Medicina pela Resolu\u00e7\u00e3o COUN n\u00ba 27, de 19 de setembro de 2005. Atualmente existem 99 docentes lotados na Famed, quanto \u00e0 titula\u00e7\u00e3o, 52 professores s\u00e3o Doutores (52,5%), 23 Mestres (23,2%), 22 Especialistas\u00a0 (22,2%), 02 graduados (2,1%). Atuam tamb\u00e9m, ministrando aulas para o 1\u00ba e 2\u00ba ano do Curso de Medicina, nas disciplinas do ciclo b\u00e1sico, 26 docentes do Instituto de Ci\u00eancias Biol\u00f3gicas e da Sa\u00fade (Inbio\/UFMS).<\/p>\n<p class=\"Texto_Justificado_Recuo_Primeira_Linha\">No \u00faltimo ano (2016), ingressaram no Curso de Medicina 94 alunos, dos quais 78 foram pelo SISU; 12 alunos por meio de Movimenta\u00e7\u00e3o Interna; 01 aluno por meio de Transfer\u00eancia Volunt\u00e1ria; 01 aluno pelo Conv\u00eanio Cultural PEC-G; e 02 alunos por meio de Transfer\u00eancia Compuls\u00f3ria. Formaram-se em Medicina 63 acad\u00eamicos no ano de 2016.<\/p>\n<p class=\"Texto_Justificado_Recuo_Primeira_Linha\">Em uma linha hist\u00f3rica, nestes 51 anos de exist\u00eancia, o curso j\u00e1 formou 2365 alunos, segundo dados fornecidos pela DIRD (Divis\u00e3o de Registro de Diplomas).<\/p>\n<p class=\"Texto_Justificado_Recuo_Primeira_Linha\">Os acad\u00eamicos do Curso participaram do Exame Nacional de Desempenho do Estudante (ENADE), desde 2004, em um ciclo trienal. Em 2013 obteve conceito 5, sendo que a prova foi realizada por 59 estudantes concluintes. Quanto ao desempenho geral, os acad\u00eamicos obtiveram m\u00e9dia 63,5, a m\u00e9dia das IES da regi\u00e3o Centro-Oeste foi de 60,4, a m\u00e9dia nacional de 56,0 pontos. Institucionalmente e para efeitos de renova\u00e7\u00e3o de reconhecimento do curso, o conceito considerado foi o CPC (Conceito Preliminar de Curso), que para Medicina foi 4. O CPC \u00e9 calculado com base em algumas vari\u00e1veis, al\u00e9m do resultado do ENADE, abrange tamb\u00e9m aspectos de infraestrutura e instala\u00e7\u00f5es f\u00edsicas, recursos did\u00e1tico-pedag\u00f3gicos, verificados no question\u00e1rio do estudante, bem como quest\u00f5es relacionadas ao corpo docente verificados no censo. No ano de 2016, o Curso manteve nota 4 no CPC e Conceito ENADE.<\/p>\n<p class=\"Texto_Justificado_Recuo_Primeira_Linha\">Os acad\u00eamicos do 2\u00ba ano do Curso de Medicina da UFMS realizaram pela primeira vez, em 2016, a Avalia\u00e7\u00e3o Nacional Seriada dos Estudantes de Medicina &#8211; ANASEM. A m\u00e9dia de profici\u00eancia da UFMS foi de 103,7, considerada adequada, segundo o intervalo de pontua\u00e7\u00e3o 85 a &lt;120, considerando que a m\u00e9dia nacional foi de 100,0, a do centro Oeste 98,8 e a do Mato Grosso do Sul de 102,2.<\/p>\n<\/div>\n<p class=\"Texto_Justificado_Recuo_Primeira_Linha\">Quanto \u00e0 avalia\u00e7\u00e3o, o Curso recebeu a Comiss\u00e3o de Avalia\u00e7\u00e3o Externa do MEC, e obteve a renova\u00e7\u00e3o do reconhecimento do curso, por meio da Portaria N\u00ba 952, de 25 de novembro de 2008.<\/p>\n","protected":false},"excerpt":{"rendered":"<p>O curso de Medicina da Universidade Federal de Mato Grosso do Sul foi criado em 1966 e por meio da Lei 2.629, publicada no dia 26 de julho de 1966 que criava o ICB (Instituto de Ci\u00eancias Biol\u00f3gicas de Campo Grade) juntamente com os cursos de Farm\u00e1cia e Odontologia. Em mar\u00e7o de 1968 foi realizado [&hellip;]<\/p>\n","protected":false},"author":2441,"featured_media":0,"parent":0,"menu_order":0,"comment_status":"closed","ping_status":"closed","template":"","meta":{"footnotes":""},"coauthors":[],"class_list":["post-174","page","type-page","status-publish","hentry"],"_links":{"self":[{"href":"https:\/\/famed.ufms.br\/en\/wp-json\/wp\/v2\/pages\/174","targetHints":{"allow":["GET"]}}],"collection":[{"href":"https:\/\/famed.ufms.br\/en\/wp-json\/wp\/v2\/pages"}],"about":[{"href":"https:\/\/famed.ufms.br\/en\/wp-json\/wp\/v2\/types\/page"}],"author":[{"embeddable":true,"href":"https:\/\/famed.ufms.br\/en\/wp-json\/wp\/v2\/users\/2441"}],"replies":[{"embeddable":true,"href":"https:\/\/famed.ufms.br\/en\/wp-json\/wp\/v2\/comments?post=174"}],"version-history":[{"count":4,"href":"https:\/\/famed.ufms.br\/en\/wp-json\/wp\/v2\/pages\/174\/revisions"}],"predecessor-version":[{"id":838,"href":"https:\/\/famed.ufms.br\/en\/wp-json\/wp\/v2\/pages\/174\/revisions\/838"}],"wp:attachment":[{"href":"https:\/\/famed.ufms.br\/en\/wp-json\/wp\/v2\/media?parent=174"}],"wp:term":[{"taxonomy":"author","embeddable":true,"href":"https:\/\/famed.ufms.br\/en\/wp-json\/wp\/v2\/coauthors?post=174"}],"curies":[{"name":"wp","href":"https:\/\/api.w.org\/{rel}","templated":true}]}}