{"id":135,"date":"2017-05-15T15:43:46","date_gmt":"2017-05-15T19:43:46","guid":{"rendered":"http:\/\/famed.draconis.ufms.br\/?page_id=135"},"modified":"2026-02-24T10:33:49","modified_gmt":"2026-02-24T14:33:49","slug":"comissao-de-estagio-coe","status":"publish","type":"page","link":"https:\/\/famed.ufms.br\/en\/comissao-de-estagio-coe\/","title":{"rendered":"Comiss\u00e3o de Est\u00e1gio (COE)"},"content":{"rendered":"<p>A Comiss\u00e3o de est\u00e1gio &#8211; COE\/FAMED \u00e9 respons\u00e1vel pelos tr\u00e2mites administrativos que envolvem as atividades de est\u00e1gios obrigat\u00f3rios (internato) e n\u00e3o obrigat\u00f3rios realizados pelos acad\u00eamicos do curso de medicina da UFMS.<\/p>\n<p><strong>ORIENTA\u00c7\u00d5ES PARA PRENCHIMENTO DO TERMO DE COMPROMISSO DE EST\u00c1GIO &#8211; TCE<\/strong><\/p>\n<ul>\n<li>Para cada local (Hospitais\/ Unidades de sa\u00fade, CR\u00b4S\/ SAMU) onde for realizar est\u00e1gio precisa preencher um termo de compromisso, preenchendo com o CNPJ do respectivo local.<\/li>\n<li>Carga hor\u00e1ria a preencher no termo de compromisso: m\u00e1x. 8 horas di\u00e1ria e 40 semanal.<\/li>\n<li>A pergunta &#8211; Onde o est\u00e1gio ser\u00e1 realizado &#8211; selecionar : est\u00e1gio em outro local (ainda que o est\u00e1gio seja no HUMAP.)<\/li>\n<li>A pergunta &#8211; Qual termo de compromisso ser\u00e1 utilizado &#8211; selecionar: da UFMS.<\/li>\n<\/ul>\n<p><strong>PARA PREENCHER O TERMO DE COMPROMISSO<\/strong> &#8211; TCE acessar o link:\u00a0<a href=\"https:\/\/estagio.ufms.br\/termo\/\">https:\/\/estagio.ufms.br\/termo\/<\/a><\/p>\n<p>Na parte<strong> ENTRAR<\/strong> &#8211; PREENCHER USU\u00c1RIO E SENHA<\/p>\n<p>Para d\u00favidas e orienta\u00e7\u00f5es acerca de como preencher o termo de compromisso contatar a COE \u2013 Comiss\u00e3o de est\u00e1gio da Famed\/UFMS e-mail: <a href=\"coemed.famed@ufms.br\">coemed.famed@ufms.br<\/a><\/p>\n<p>DADOS DOS LOCAIS DE EST\u00c1GIO PARA PREENCHER NO TERMO DE COMPROMISSO:<\/p>\n<p><a href=\"http:\/\/famed.ufms.br\/files\/2026\/02\/DADOS-DOS-LOCAIS-DE-ESTAGIO-PARA-PREENCHER-NO-TERMO-DE-COMPROMISSO.docx.pdf\">http:\/\/famed.ufms.br\/files\/2026\/02\/DADOS-DOS-LOCAIS-DE-ESTAGIO-PARA-PREENCHER-NO-TERMO-DE-COMPROMISSO.docx.pdf<\/a><\/p>\n<p><strong>LEGISLA\u00c7\u00d5ES<\/strong><\/p>\n<p><a href=\"http:\/\/famed.ufms.br\/files\/2022\/01\/lei_no_11788-legislacao-sobre-o-estagio.pdf\">Lei 11788: Legisla\u00e7\u00e3o sobre o est\u00e1gio<\/a><\/p>\n<p><a href=\"http:\/\/famed.ufms.br\/files\/2023\/05\/RESOLUCAO-COGRAD-n-706-Regulamento-de-estagio.pdf\">RESOLUCAO (COGRAD) n 706 Regulamento de est\u00e1gio<\/a><\/p>\n<p><strong>Composi\u00e7\u00e3o da COE\/Famed<\/strong>: <a href=\"http:\/\/famed.ufms.br\/files\/2025\/03\/Portaria-Famed-NOVA-composicao-da-COE.pdf\">Portaria Famed NOVA composicao da COE<\/a><\/p>\n<p><strong>PRESIDENTE DA COMISS\u00c3O:<\/strong><br \/>\nClarissa Silva Martins.<br \/>\n<strong>COORDENADOR DO CURSO DE MEDICINA:<\/strong><br \/>\nCarlos Alberto Ferreira de Freitas.<\/p>\n<p><strong>CONTATO<\/strong><br \/>\ncoemed.famed@ufms.br<\/p>\n","protected":false},"excerpt":{"rendered":"<p>A Comiss\u00e3o de est\u00e1gio &#8211; COE\/FAMED \u00e9 respons\u00e1vel pelos tr\u00e2mites administrativos que envolvem as atividades de est\u00e1gios obrigat\u00f3rios (internato) e n\u00e3o obrigat\u00f3rios realizados pelos acad\u00eamicos do curso de medicina da UFMS. ORIENTA\u00c7\u00d5ES PARA PRENCHIMENTO DO TERMO DE COMPROMISSO DE EST\u00c1GIO &#8211; TCE Para cada local (Hospitais\/ Unidades de sa\u00fade, CR\u00b4S\/ SAMU) onde for realizar est\u00e1gio [&hellip;]<\/p>\n","protected":false},"author":2441,"featured_media":0,"parent":0,"menu_order":0,"comment_status":"closed","ping_status":"closed","template":"","meta":{"footnotes":""},"coauthors":[26],"class_list":["post-135","page","type-page","status-publish","hentry"],"_links":{"self":[{"href":"https:\/\/famed.ufms.br\/en\/wp-json\/wp\/v2\/pages\/135","targetHints":{"allow":["GET"]}}],"collection":[{"href":"https:\/\/famed.ufms.br\/en\/wp-json\/wp\/v2\/pages"}],"about":[{"href":"https:\/\/famed.ufms.br\/en\/wp-json\/wp\/v2\/types\/page"}],"author":[{"embeddable":true,"href":"https:\/\/famed.ufms.br\/en\/wp-json\/wp\/v2\/users\/2441"}],"replies":[{"embeddable":true,"href":"https:\/\/famed.ufms.br\/en\/wp-json\/wp\/v2\/comments?post=135"}],"version-history":[{"count":56,"href":"https:\/\/famed.ufms.br\/en\/wp-json\/wp\/v2\/pages\/135\/revisions"}],"predecessor-version":[{"id":3326,"href":"https:\/\/famed.ufms.br\/en\/wp-json\/wp\/v2\/pages\/135\/revisions\/3326"}],"wp:attachment":[{"href":"https:\/\/famed.ufms.br\/en\/wp-json\/wp\/v2\/media?parent=135"}],"wp:term":[{"taxonomy":"author","embeddable":true,"href":"https:\/\/famed.ufms.br\/en\/wp-json\/wp\/v2\/coauthors?post=135"}],"curies":[{"name":"wp","href":"https:\/\/api.w.org\/{rel}","templated":true}]}}