{"id":1132,"date":"2019-02-26T10:33:23","date_gmt":"2019-02-26T14:33:23","guid":{"rendered":"https:\/\/famed.ufms.br\/?page_id=1132"},"modified":"2026-02-26T16:20:18","modified_gmt":"2026-02-26T20:20:18","slug":"labdip","status":"publish","type":"page","link":"https:\/\/famed.ufms.br\/en\/labdip\/","title":{"rendered":"Laborat\u00f3rio de Doen\u00e7as Infecciosas e Parasit\u00e1rias (LabDIP)"},"content":{"rendered":"<p style=\"text-align: justify\"><span style=\"font-size: 24pt\"><span style=\"font-size: 18pt\"><b>Laborat\u00f3rio de Doen\u00e7as Infecciosas e Parasit\u00e1rias \u2013 LabDIP (UFMS)<\/b><\/span><b><br \/>\n<\/b><b><\/b><\/span><\/p>\n<p><b>CNES:<\/b><span style=\"font-weight: 400\"> 0947644<\/span><b><br \/>\n<\/b><b>Respons\u00e1vel T\u00e9cnico:<\/b><span style=\"font-weight: 400\"> James Venturini (CRBio-1 106374\/01-D)<\/span><span style=\"font-weight: 400\"><br \/>\n<\/span><b>T\u00e9cnica de Laborat\u00f3rio:<\/b><span style=\"font-weight: 400\"> Taynara Nogueira Martins<\/span><\/p>\n<p><span style=\"font-size: 24pt\"><b><\/b><span style=\"font-size: 12pt\"><b>Quem somos<\/b><\/span><\/span><\/p>\n<p><span style=\"font-weight: 400;font-size: 12pt\">O Laborat\u00f3rio de Doen\u00e7as Infecciosas e Parasit\u00e1rias (LabDIP) integra a Faculdade de Medicina da Universidade Federal de Mato Grosso do Sul (UFMS) e atua como um n\u00facleo multiusu\u00e1rio estrat\u00e9gico voltado ao diagn\u00f3stico, pesquisa, ensino, extens\u00e3o e inova\u00e7\u00e3o em doen\u00e7as infecciosas, parasit\u00e1rias e f\u00fangicas de relev\u00e2ncia cl\u00ednica e epidemiol\u00f3gica.<\/span><\/p>\n<p><span style=\"font-weight: 400;font-size: 12pt\">Inaugurado em 2017, o LabDIP surgiu a partir da necessidade de fortalecer a capacidade diagn\u00f3stica em doen\u00e7as infecciosas no Mato Grosso do Sul. Ao longo dos anos, consolidou-se como refer\u00eancia t\u00e9cnica e cient\u00edfica no estado, ampliando sua capacidade instalada por meio de parcerias institucionais, projetos financiados e integra\u00e7\u00e3o com redes nacionais de pesquisa e vigil\u00e2ncia.<\/span><\/p>\n<p><span style=\"font-weight: 400;font-size: 12pt\">O LabDIP est\u00e1 oficialmente cadastrado na Plataforma Nacional de Infraestrutura de Pesquisa (PNIPE\/MCTI), refor\u00e7ando seu papel como laborat\u00f3rio estrat\u00e9gico para o desenvolvimento cient\u00edfico e tecnol\u00f3gico no pa\u00eds.<\/span><\/p>\n<p><span style=\"font-size: 12pt\"><b>Cadastro na PNIPE:<\/b><b><br \/>\n<\/b><a href=\"https:\/\/pnipe.mcti.gov.br\/laboratory\/5872\"> <span style=\"font-weight: 400\">https:\/\/pnipe.mcti.gov.br\/laboratory\/5872<\/span><\/a><\/span><\/p>\n<p>&nbsp;<\/p>\n<p>&nbsp;<\/p>\n<p style=\"text-align: center\"><span style=\"font-size: 12pt\">Para maiores informa\u00e7\u00f5es seguem os canais de comunica\u00e7\u00e3o:<\/span><\/p>\n<p style=\"text-align: center\"><span style=\"font-size: 12pt\">(67) 3345-7566<\/span><\/p>\n<p style=\"text-align: center\"><span style=\"font-size: 12pt\">Email: labdip.famed@ufms.br<\/span><\/p>\n","protected":false},"excerpt":{"rendered":"<p>Laborat\u00f3rio de Doen\u00e7as Infecciosas e Parasit\u00e1rias \u2013 LabDIP (UFMS) CNES: 0947644 Respons\u00e1vel T\u00e9cnico: James Venturini (CRBio-1 106374\/01-D) T\u00e9cnica de Laborat\u00f3rio: Taynara Nogueira Martins Quem somos O Laborat\u00f3rio de Doen\u00e7as Infecciosas e Parasit\u00e1rias (LabDIP) integra a Faculdade de Medicina da Universidade Federal de Mato Grosso do Sul (UFMS) e atua como um n\u00facleo multiusu\u00e1rio estrat\u00e9gico voltado [&hellip;]<\/p>\n","protected":false},"author":26697,"featured_media":1668,"parent":0,"menu_order":0,"comment_status":"closed","ping_status":"closed","template":"page-templates\/page-coordenadorias.php","meta":{"footnotes":""},"coauthors":[27],"class_list":["post-1132","page","type-page","status-publish","has-post-thumbnail","hentry"],"_links":{"self":[{"href":"https:\/\/famed.ufms.br\/en\/wp-json\/wp\/v2\/pages\/1132","targetHints":{"allow":["GET"]}}],"collection":[{"href":"https:\/\/famed.ufms.br\/en\/wp-json\/wp\/v2\/pages"}],"about":[{"href":"https:\/\/famed.ufms.br\/en\/wp-json\/wp\/v2\/types\/page"}],"author":[{"embeddable":true,"href":"https:\/\/famed.ufms.br\/en\/wp-json\/wp\/v2\/users\/26697"}],"replies":[{"embeddable":true,"href":"https:\/\/famed.ufms.br\/en\/wp-json\/wp\/v2\/comments?post=1132"}],"version-history":[{"count":47,"href":"https:\/\/famed.ufms.br\/en\/wp-json\/wp\/v2\/pages\/1132\/revisions"}],"predecessor-version":[{"id":3333,"href":"https:\/\/famed.ufms.br\/en\/wp-json\/wp\/v2\/pages\/1132\/revisions\/3333"}],"wp:featuredmedia":[{"embeddable":true,"href":"https:\/\/famed.ufms.br\/en\/wp-json\/wp\/v2\/media\/1668"}],"wp:attachment":[{"href":"https:\/\/famed.ufms.br\/en\/wp-json\/wp\/v2\/media?parent=1132"}],"wp:term":[{"taxonomy":"author","embeddable":true,"href":"https:\/\/famed.ufms.br\/en\/wp-json\/wp\/v2\/coauthors?post=1132"}],"curies":[{"name":"wp","href":"https:\/\/api.w.org\/{rel}","templated":true}]}}