{"id":1072,"date":"2018-12-05T10:17:08","date_gmt":"2018-12-05T14:17:08","guid":{"rendered":"https:\/\/famed.ufms.br\/?page_id=1072"},"modified":"2023-05-26T10:23:49","modified_gmt":"2023-05-26T14:23:49","slug":"o-programa-de-pos-graduacao-em-doencas-infecciosas-e-parasitarias-ppgdip","status":"publish","type":"page","link":"https:\/\/famed.ufms.br\/en\/o-programa-de-pos-graduacao-em-doencas-infecciosas-e-parasitarias-ppgdip\/","title":{"rendered":"O Programa de P\u00f3s-Gradua\u00e7\u00e3o em Doen\u00e7as Infecciosas e Parasit\u00e1rias (PPGDIP)"},"content":{"rendered":"<p><strong>COORDENADORA DO\u00a0PROGRAMA DE P\u00d3S-GRADUA\u00c7\u00c3O<\/strong>: <strong>Prof<\/strong>. <strong>James Venturini<\/strong><\/p>\n<p>O Programa de P\u00f3s-Gradua\u00e7\u00e3o em Doen\u00e7as Infecciosas e Parasit\u00e1rias (PPGDIP) foi criado e recomendado no ano de 2007 pela CAPES\/MEC. Oferece atualmente os cursos de Mestrado e Doutorado e destina-se aos profissionais com gradua\u00e7\u00e3o plena na \u00e1rea da sa\u00fade e ci\u00eancias afins, tendo como objetivos principais a qualifica\u00e7\u00e3o de profissionais para o exerc\u00edcio da doc\u00eancia no ensino superior e pesquisadores na \u00e1rea de Ci\u00eancias da Sa\u00fade, de modo a atender \u00e0s necessidades do mercado de trabalho regional e nacional.<\/p>\n<p><strong>CONTATO:\u00a0<\/strong>(67) 3345-7370 \/posdip.famed@ufms.br<\/p>\n","protected":false},"excerpt":{"rendered":"<p>COORDENADORA DO\u00a0PROGRAMA DE P\u00d3S-GRADUA\u00c7\u00c3O: Prof. James Venturini O Programa de P\u00f3s-Gradua\u00e7\u00e3o em Doen\u00e7as Infecciosas e Parasit\u00e1rias (PPGDIP) foi criado e recomendado no ano de 2007 pela CAPES\/MEC. Oferece atualmente os cursos de Mestrado e Doutorado e destina-se aos profissionais com gradua\u00e7\u00e3o plena na \u00e1rea da sa\u00fade e ci\u00eancias afins, tendo como objetivos principais a qualifica\u00e7\u00e3o [&hellip;]<\/p>\n","protected":false},"author":29200,"featured_media":0,"parent":0,"menu_order":0,"comment_status":"closed","ping_status":"closed","template":"","meta":{"footnotes":""},"coauthors":[],"class_list":["post-1072","page","type-page","status-publish","hentry"],"_links":{"self":[{"href":"https:\/\/famed.ufms.br\/en\/wp-json\/wp\/v2\/pages\/1072","targetHints":{"allow":["GET"]}}],"collection":[{"href":"https:\/\/famed.ufms.br\/en\/wp-json\/wp\/v2\/pages"}],"about":[{"href":"https:\/\/famed.ufms.br\/en\/wp-json\/wp\/v2\/types\/page"}],"author":[{"embeddable":true,"href":"https:\/\/famed.ufms.br\/en\/wp-json\/wp\/v2\/users\/29200"}],"replies":[{"embeddable":true,"href":"https:\/\/famed.ufms.br\/en\/wp-json\/wp\/v2\/comments?post=1072"}],"version-history":[{"count":10,"href":"https:\/\/famed.ufms.br\/en\/wp-json\/wp\/v2\/pages\/1072\/revisions"}],"predecessor-version":[{"id":2493,"href":"https:\/\/famed.ufms.br\/en\/wp-json\/wp\/v2\/pages\/1072\/revisions\/2493"}],"wp:attachment":[{"href":"https:\/\/famed.ufms.br\/en\/wp-json\/wp\/v2\/media?parent=1072"}],"wp:term":[{"taxonomy":"author","embeddable":true,"href":"https:\/\/famed.ufms.br\/en\/wp-json\/wp\/v2\/coauthors?post=1072"}],"curies":[{"name":"wp","href":"https:\/\/api.w.org\/{rel}","templated":true}]}}