{"id":1068,"date":"2018-12-05T09:53:58","date_gmt":"2018-12-05T13:53:58","guid":{"rendered":"https:\/\/famed.ufms.br\/?page_id=1068"},"modified":"2023-05-26T10:22:22","modified_gmt":"2023-05-26T14:22:22","slug":"pos-graduacao-em-saude-e-desenvolvimento-na-regiao-centro-oeste-ppgsd","status":"publish","type":"page","link":"https:\/\/famed.ufms.br\/en\/pos-graduacao-em-saude-e-desenvolvimento-na-regiao-centro-oeste-ppgsd\/","title":{"rendered":"P\u00f3s-Gradua\u00e7\u00e3o em Sa\u00fade e Desenvolvimento na Regi\u00e3o Centro-Oeste (PPGSD)"},"content":{"rendered":"<p><strong>COORDENADOR DO PROGRAMA DE P\u00d3S-GRADUA\u00c7\u00c3O: Prof. Valter Arag\u00e3o do Nascimento<\/strong><\/p>\n<p>O Programa de P\u00f3s-Gradua\u00e7\u00e3o em Sa\u00fade e Desenvolvimento na Regi\u00e3o Centro-Oeste (PPGSD)\u00a0funciona desde mar\u00e7o de 2006 e re\u00fane pesquisadores de v\u00e1rias \u00e1reas do conhecimento que t\u00eam como objetivo maior a promo\u00e7\u00e3o da sa\u00fade, al\u00e9m de atender a demanda de capacita\u00e7\u00e3o na \u00e1rea da sa\u00fade e por este motivo apresenta muitas facetas multidisciplinares.<\/p>\n<p>O PPGSD Possui duas \u00e1reas de concentra\u00e7\u00e3o: a primeira, denominada\u00a0Sa\u00fade e Sociedade,\u00a0atende uma \u00e1rea mais human\u00edstica, comunit\u00e1ria e cl\u00ednica. Aborda aspectos cr\u00edticos da sa\u00fade na Regi\u00e3o Centro-Oeste. A segunda, Tecnologia e Sa\u00fade, objetiva o desenvolvimento de t\u00e9cnicas e produtos, aproveitando o potencial da UFMS, e a biodiversidade do Cerrado e do Pantanal.<\/p>\n<p><strong>CONTATO:\u00a0<\/strong>(67) 3345-7791\/7719\u00a0 \/ saudecoeste.famed@ufms.br<\/p>\n","protected":false},"excerpt":{"rendered":"<p>COORDENADOR DO PROGRAMA DE P\u00d3S-GRADUA\u00c7\u00c3O: Prof. Valter Arag\u00e3o do Nascimento O Programa de P\u00f3s-Gradua\u00e7\u00e3o em Sa\u00fade e Desenvolvimento na Regi\u00e3o Centro-Oeste (PPGSD)\u00a0funciona desde mar\u00e7o de 2006 e re\u00fane pesquisadores de v\u00e1rias \u00e1reas do conhecimento que t\u00eam como objetivo maior a promo\u00e7\u00e3o da sa\u00fade, al\u00e9m de atender a demanda de capacita\u00e7\u00e3o na \u00e1rea da sa\u00fade e [&hellip;]<\/p>\n","protected":false},"author":29200,"featured_media":0,"parent":0,"menu_order":0,"comment_status":"closed","ping_status":"closed","template":"","meta":{"footnotes":""},"coauthors":[],"class_list":["post-1068","page","type-page","status-publish","hentry"],"_links":{"self":[{"href":"https:\/\/famed.ufms.br\/en\/wp-json\/wp\/v2\/pages\/1068","targetHints":{"allow":["GET"]}}],"collection":[{"href":"https:\/\/famed.ufms.br\/en\/wp-json\/wp\/v2\/pages"}],"about":[{"href":"https:\/\/famed.ufms.br\/en\/wp-json\/wp\/v2\/types\/page"}],"author":[{"embeddable":true,"href":"https:\/\/famed.ufms.br\/en\/wp-json\/wp\/v2\/users\/29200"}],"replies":[{"embeddable":true,"href":"https:\/\/famed.ufms.br\/en\/wp-json\/wp\/v2\/comments?post=1068"}],"version-history":[{"count":11,"href":"https:\/\/famed.ufms.br\/en\/wp-json\/wp\/v2\/pages\/1068\/revisions"}],"predecessor-version":[{"id":2491,"href":"https:\/\/famed.ufms.br\/en\/wp-json\/wp\/v2\/pages\/1068\/revisions\/2491"}],"wp:attachment":[{"href":"https:\/\/famed.ufms.br\/en\/wp-json\/wp\/v2\/media?parent=1068"}],"wp:term":[{"taxonomy":"author","embeddable":true,"href":"https:\/\/famed.ufms.br\/en\/wp-json\/wp\/v2\/coauthors?post=1068"}],"curies":[{"name":"wp","href":"https:\/\/api.w.org\/{rel}","templated":true}]}}