{"id":1066,"date":"2018-12-05T09:50:36","date_gmt":"2018-12-05T13:50:36","guid":{"rendered":"https:\/\/famed.ufms.br\/?page_id=1066"},"modified":"2018-12-05T10:27:29","modified_gmt":"2018-12-05T14:27:29","slug":"pos-graduacao","status":"publish","type":"page","link":"https:\/\/famed.ufms.br\/en\/pos-graduacao\/","title":{"rendered":"P\u00f3s-Gradua\u00e7\u00e3o"},"content":{"rendered":"<p>Al\u00e9m do curso de gradua\u00e7\u00e3o em medicina, a Famed oferece cursos de p\u00f3s-gradua\u00e7\u00e3o <em>stricto sensu<\/em> atrav\u00e9s do Programa de <a href=\"https:\/\/famed.ufms.br\/pos-graduacao-em-saude-e-desenvolvimento-na-regiao-centro-oeste-ppgsd\/\"><strong>P\u00f3s-Gradua\u00e7\u00e3o em Sa\u00fade e Desenvolvimento na Regi\u00e3o Centro-Oeste (PPGSD)<\/strong><\/a> e do <a href=\"https:\/\/famed.ufms.br\/o-programa-de-pos-graduacao-em-doencas-infecciosas-e-parasitarias-ppgdip\/\"><strong>Programa de P\u00f3s-Gradua\u00e7\u00e3o em Doen\u00e7as Infecciosas e Parasit\u00e1rias (PPGDIP)<\/strong>.<\/a><\/p>\n<p>A representatividade da produ\u00e7\u00e3o cient\u00edfica dos docentes tem tornado os Programas de P\u00f3s-Gradua\u00e7\u00e3o da Faculdade de Medicina competitivos para concorrer frente aos v\u00e1rios \u00f3rg\u00e3os de fomento e at\u00e9 mesmo ter uma participa\u00e7\u00e3o maior nos recursos pr\u00f3prios da UFMS e do Hospital Universit\u00e1rio. A submiss\u00e3o de projetos para editais do CTInfra\/FINEP, FUNDECT, CNPq, Pr\u00f3-equipamentos e outros t\u00eam possibilitado apoio a pesquisa, fortalecendo os laborat\u00f3rios com a aquisi\u00e7\u00e3o de equipamentos e material de consumo, permitindo o desenvolvimento de pesquisas de Mestrado e Doutorado de alto n\u00edvel.<\/p>\n","protected":false},"excerpt":{"rendered":"<p>Al\u00e9m do curso de gradua\u00e7\u00e3o em medicina, a Famed oferece cursos de p\u00f3s-gradua\u00e7\u00e3o stricto sensu atrav\u00e9s do Programa de P\u00f3s-Gradua\u00e7\u00e3o em Sa\u00fade e Desenvolvimento na Regi\u00e3o Centro-Oeste (PPGSD) e do Programa de P\u00f3s-Gradua\u00e7\u00e3o em Doen\u00e7as Infecciosas e Parasit\u00e1rias (PPGDIP). A representatividade da produ\u00e7\u00e3o cient\u00edfica dos docentes tem tornado os Programas de P\u00f3s-Gradua\u00e7\u00e3o da Faculdade de [&hellip;]<\/p>\n","protected":false},"author":29200,"featured_media":0,"parent":0,"menu_order":0,"comment_status":"closed","ping_status":"closed","template":"","meta":{"footnotes":""},"coauthors":[],"class_list":["post-1066","page","type-page","status-publish","hentry"],"_links":{"self":[{"href":"https:\/\/famed.ufms.br\/en\/wp-json\/wp\/v2\/pages\/1066","targetHints":{"allow":["GET"]}}],"collection":[{"href":"https:\/\/famed.ufms.br\/en\/wp-json\/wp\/v2\/pages"}],"about":[{"href":"https:\/\/famed.ufms.br\/en\/wp-json\/wp\/v2\/types\/page"}],"author":[{"embeddable":true,"href":"https:\/\/famed.ufms.br\/en\/wp-json\/wp\/v2\/users\/29200"}],"replies":[{"embeddable":true,"href":"https:\/\/famed.ufms.br\/en\/wp-json\/wp\/v2\/comments?post=1066"}],"version-history":[{"count":2,"href":"https:\/\/famed.ufms.br\/en\/wp-json\/wp\/v2\/pages\/1066\/revisions"}],"predecessor-version":[{"id":1081,"href":"https:\/\/famed.ufms.br\/en\/wp-json\/wp\/v2\/pages\/1066\/revisions\/1081"}],"wp:attachment":[{"href":"https:\/\/famed.ufms.br\/en\/wp-json\/wp\/v2\/media?parent=1066"}],"wp:term":[{"taxonomy":"author","embeddable":true,"href":"https:\/\/famed.ufms.br\/en\/wp-json\/wp\/v2\/coauthors?post=1066"}],"curies":[{"name":"wp","href":"https:\/\/api.w.org\/{rel}","templated":true}]}}