{"id":1042,"date":"2018-12-04T17:38:46","date_gmt":"2018-12-04T21:38:46","guid":{"rendered":"https:\/\/famed.ufms.br\/?page_id=1042"},"modified":"2026-03-13T08:28:12","modified_gmt":"2026-03-13T12:28:12","slug":"projeto-pedagogico-do-curso-de-medicina-ufms","status":"publish","type":"page","link":"https:\/\/famed.ufms.br\/en\/projeto-pedagogico-do-curso-de-medicina-ufms\/","title":{"rendered":"Projeto Pedag\u00f3gico do Curso de Medicina &#8211; UFMS"},"content":{"rendered":"<h3><strong>Nova Estrutura do Projeto Pedag\u00f3gico:\u00a0<a href=\"http:\/\/famed.ufms.br\/files\/2026\/03\/Boletim_Oficial-1.pdf\">RESOLU\u00c7\u00c3O N\u00ba 1046-CAS\/FAMED\/UFMS, 15\/12\/2025<\/a><\/strong><\/h3>\n<h3>Projeto Pedag\u00f3gico Novo: <a href=\"http:\/\/famed.ufms.br\/files\/2023\/01\/RESOLUCAO-COGRAD-n-730-de-23-12-2022.pdf\">RESOLUCAO (COGRAD) n 730, de 23-12-2022<\/a><\/h3>\n<h3>Projeto Pedag\u00f3gico Antigo : <a href=\"https:\/\/famed.ufms.br\/files\/2018\/12\/556.pdf\">RESOLU\u00c7\u00c3O N\u00b0 556, DE 20 DE NOVEMBRO DE 2014.<\/a><\/h3>\n<p>Altera\u00e7\u00e3o de carga hor\u00e1ria: <a href=\"https:\/\/famed.ufms.br\/files\/2018\/12\/693.pdf\">RESOLU\u00c7\u00c3O N\u00b0 693, DE 11 DE AGOSTO DE 2016.<\/a><\/p>\n<p>Altera\u00e7\u00e3o no Quadro de Semestraliza\u00e7\u00e3o: <a href=\"https:\/\/famed.ufms.br\/files\/2018\/12\/RESOLU\u00c7\u00c3O-COEG-21_2017.pdf\">RESOLU\u00c7\u00c3O N\u00b0 21, DE 2 DE JANEIRO DE 2017.<\/a><\/p>\n<p>Altera\u00e7\u00e3o no Quadro de Semestraliza\u00e7\u00e3o: <a href=\"https:\/\/famed.ufms.br\/files\/2018\/12\/RESOLUCAOCOGRAD57_2017.pdf\">RESOLU\u00c7\u00c3O N\u00b0 57, DE 10 DE FEVEREIRO DE 2017.<\/a><\/p>\n<p>Altera\u00e7\u00e3o das Mat\u00e9rias Optativas:\u00a0<a href=\"https:\/\/famed.ufms.br\/files\/2018\/12\/RESOLU\u00c7\u00c3O-COGRAD-626_2018-optativas.pdf\">RESOLU\u00c7\u00c3O COGRAD 626_2018\u00a0<\/a><\/p>\n","protected":false},"excerpt":{"rendered":"<p>Nova Estrutura do Projeto Pedag\u00f3gico:\u00a0RESOLU\u00c7\u00c3O N\u00ba 1046-CAS\/FAMED\/UFMS, 15\/12\/2025 Projeto Pedag\u00f3gico Novo: RESOLUCAO (COGRAD) n 730, de 23-12-2022 Projeto Pedag\u00f3gico Antigo : RESOLU\u00c7\u00c3O N\u00b0 556, DE 20 DE NOVEMBRO DE 2014. Altera\u00e7\u00e3o de carga hor\u00e1ria: RESOLU\u00c7\u00c3O N\u00b0 693, DE 11 DE AGOSTO DE 2016. Altera\u00e7\u00e3o no Quadro de Semestraliza\u00e7\u00e3o: RESOLU\u00c7\u00c3O N\u00b0 21, DE 2 DE JANEIRO [&hellip;]<\/p>\n","protected":false},"author":29200,"featured_media":0,"parent":0,"menu_order":0,"comment_status":"closed","ping_status":"closed","template":"","meta":{"footnotes":""},"coauthors":[24],"class_list":["post-1042","page","type-page","status-publish","hentry"],"_links":{"self":[{"href":"https:\/\/famed.ufms.br\/en\/wp-json\/wp\/v2\/pages\/1042","targetHints":{"allow":["GET"]}}],"collection":[{"href":"https:\/\/famed.ufms.br\/en\/wp-json\/wp\/v2\/pages"}],"about":[{"href":"https:\/\/famed.ufms.br\/en\/wp-json\/wp\/v2\/types\/page"}],"author":[{"embeddable":true,"href":"https:\/\/famed.ufms.br\/en\/wp-json\/wp\/v2\/users\/29200"}],"replies":[{"embeddable":true,"href":"https:\/\/famed.ufms.br\/en\/wp-json\/wp\/v2\/comments?post=1042"}],"version-history":[{"count":7,"href":"https:\/\/famed.ufms.br\/en\/wp-json\/wp\/v2\/pages\/1042\/revisions"}],"predecessor-version":[{"id":3410,"href":"https:\/\/famed.ufms.br\/en\/wp-json\/wp\/v2\/pages\/1042\/revisions\/3410"}],"wp:attachment":[{"href":"https:\/\/famed.ufms.br\/en\/wp-json\/wp\/v2\/media?parent=1042"}],"wp:term":[{"taxonomy":"author","embeddable":true,"href":"https:\/\/famed.ufms.br\/en\/wp-json\/wp\/v2\/coauthors?post=1042"}],"curies":[{"name":"wp","href":"https:\/\/api.w.org\/{rel}","templated":true}]}}