{"id":1032,"date":"2018-11-22T08:49:44","date_gmt":"2018-11-22T12:49:44","guid":{"rendered":"https:\/\/famed.ufms.br\/?page_id=1032"},"modified":"2024-05-08T14:21:25","modified_gmt":"2024-05-08T18:21:25","slug":"nucleo-docente-estruturante-nde","status":"publish","type":"page","link":"https:\/\/famed.ufms.br\/en\/nucleo-docente-estruturante-nde\/","title":{"rendered":"N\u00facleo Docente Estruturante &#8211; NDE"},"content":{"rendered":"<h3>Atribui\u00e7\u00f5es do N\u00facleo Docente Estruturante<\/h3>\n<p><a href=\"http:\/\/famed.ufms.br\/files\/2023\/05\/Resolucao-COGRAD-no-537_Aprova-o-Regulamento-do-N-cleo-Docente-Estruturante-da-Funda-o-Universidade-Federal-de-Mato-Grosso-do-Sul..pdf\">Resolu\u00e7\u00e3o COGRAD n\u00ba 537_Aprova o Regulamento do N cleo Docente Estruturante da Funda o Universidade Federal de Mato Grosso do Sul.<\/a><\/p>\n<p>Art. 6\u00ba S\u00e3o atribui\u00e7\u00f5es do N\u00facleo Docente Estruturante (NDE):<br \/>\nI &#8211; contribuir para a consolida\u00e7\u00e3o do perfil profissional do egresso do curso;<br \/>\nII &#8211; propor estrat\u00e9gias de integra\u00e7\u00e3o curricular interdisciplinar entre as<br \/>\ndiferentes atividades de ensino constantes no curr\u00edculo;<br \/>\nIII &#8211; sugerir a\u00e7\u00f5es no PPC que contribuam para a melhoria dos \u00edndices de<br \/>\ndesempenho do curso;<br \/>\nIV &#8211; zelar pelo cumprimento das Diretrizes Curriculares Nacionais (DCN) para o<br \/>\nCurso de Gradua\u00e7\u00e3o;<br \/>\nV &#8211; atuar no acompanhamento, na consolida\u00e7\u00e3o, na avalia\u00e7\u00e3o e na atualiza\u00e7\u00e3o<br \/>\ndo Projeto Pedag\u00f3gico do Curso, na realiza\u00e7\u00e3o de estudos visando \u00e0 atualiza\u00e7\u00e3o peri\u00f3dica, \u00e0<br \/>\nverifica\u00e7\u00e3o do impacto do sistema de avalia\u00e7\u00e3o de aprendizagem na forma\u00e7\u00e3o do estudante e<br \/>\nna an\u00e1lise da adequa\u00e7\u00e3o do perfil do egresso, considerando as DCN e as novas demandas do<br \/>\nmundo do trabalho;<br \/>\nVI &#8211; referendar e assinar Relat\u00f3rio de Adequa\u00e7\u00e3o de Bibliografia B\u00e1sica e<br \/>\nComplementar que comprove a compatibilidade entre o n\u00famero de vagas autorizadas (do<br \/>\npr\u00f3prio curso e de outros que utilizem os t\u00edtulos) e a quantidade de exemplares por t\u00edtulo (ou<br \/>\nassinatura de acesso) dispon\u00edvel no acervo, nas bibliografias b\u00e1sicas e complementares de<br \/>\ncada Componente Curricular; e<br \/>\nVII \u2013 elaborar, a cada dois anos, relat\u00f3rio de acompanhamento do Projeto<br \/>\nPedag\u00f3gico do Curso (PPC).<\/p>\n<h3>O NDE \u00e9 constitu\u00eddo pelos servidores docentes (mandato do bi\u00eanio 2022-2024):<\/h3>\n<p>Presidente: Carlos Alberto Ferreira de Freitas<\/p>\n<p>Membros:<\/p>\n<p>&#8211; Ana L\u00facia Lyrio de Oliveira<br \/>\n&#8211; D\u00e9bora Marchetti Chaves Thomaz<br \/>\n&#8211; Rodrigo Juliano Oliveira<br \/>\n&#8211; Sandra Maria Silveira Denadai<br \/>\n&#8211; Wilson Ayach<\/p>\n<p>&nbsp;<\/p>\n<p><a href=\"http:\/\/famed.ufms.br\/files\/2023\/05\/Resolucao-COGRAD-no-537_Aprova-o-Regulamento-do-N-cleo-Docente-Estruturante-da-Funda-o-Universidade-Federal-de-Mato-Grosso-do-Sul.-1.pdf\">Resolu\u00e7\u00e3o COGRAD n\u00ba 537_Aprova o Regulamento do N cleo Docente Estruturante da Funda o Universidade Federal de Mato Grosso do Sul.<\/a><\/p>\n<p><a href=\"http:\/\/famed.ufms.br\/files\/2024\/05\/Portaria-no-20-2024-FAMED-Altera-composicao-do-NDE.pdf\">Portaria (GAB-FAMED-UFMS) n\u00ba 42 de 05-10-2022<\/a><\/p>\n","protected":false},"excerpt":{"rendered":"<p>Atribui\u00e7\u00f5es do N\u00facleo Docente Estruturante Resolu\u00e7\u00e3o COGRAD n\u00ba 537_Aprova o Regulamento do N cleo Docente Estruturante da Funda o Universidade Federal de Mato Grosso do Sul. Art. 6\u00ba S\u00e3o atribui\u00e7\u00f5es do N\u00facleo Docente Estruturante (NDE): I &#8211; contribuir para a consolida\u00e7\u00e3o do perfil profissional do egresso do curso; II &#8211; propor estrat\u00e9gias de integra\u00e7\u00e3o curricular [&hellip;]<\/p>\n","protected":false},"author":29200,"featured_media":0,"parent":0,"menu_order":0,"comment_status":"closed","ping_status":"closed","template":"","meta":{"footnotes":""},"coauthors":[],"class_list":["post-1032","page","type-page","status-publish","hentry"],"_links":{"self":[{"href":"https:\/\/famed.ufms.br\/en\/wp-json\/wp\/v2\/pages\/1032","targetHints":{"allow":["GET"]}}],"collection":[{"href":"https:\/\/famed.ufms.br\/en\/wp-json\/wp\/v2\/pages"}],"about":[{"href":"https:\/\/famed.ufms.br\/en\/wp-json\/wp\/v2\/types\/page"}],"author":[{"embeddable":true,"href":"https:\/\/famed.ufms.br\/en\/wp-json\/wp\/v2\/users\/29200"}],"replies":[{"embeddable":true,"href":"https:\/\/famed.ufms.br\/en\/wp-json\/wp\/v2\/comments?post=1032"}],"version-history":[{"count":11,"href":"https:\/\/famed.ufms.br\/en\/wp-json\/wp\/v2\/pages\/1032\/revisions"}],"predecessor-version":[{"id":2835,"href":"https:\/\/famed.ufms.br\/en\/wp-json\/wp\/v2\/pages\/1032\/revisions\/2835"}],"wp:attachment":[{"href":"https:\/\/famed.ufms.br\/en\/wp-json\/wp\/v2\/media?parent=1032"}],"wp:term":[{"taxonomy":"author","embeddable":true,"href":"https:\/\/famed.ufms.br\/en\/wp-json\/wp\/v2\/coauthors?post=1032"}],"curies":[{"name":"wp","href":"https:\/\/api.w.org\/{rel}","templated":true}]}}